{"id":1061,"date":"2025-10-29T11:27:24","date_gmt":"2025-10-29T09:27:24","guid":{"rendered":"https:\/\/wartalo.fi\/?page_id=1061"},"modified":"2025-10-29T12:23:59","modified_gmt":"2025-10-29T10:23:59","slug":"listaus-vuokrataloista","status":"publish","type":"page","link":"https:\/\/wartalo.fi\/en\/listaus-vuokrataloista\/","title":{"rendered":"Listaus vuokrataloista"},"content":{"rendered":"<p>[et_pb_section fb_built=&#8221;1&#8243; admin_label=&#8221;section&#8221; _builder_version=&#8221;4.16&#8243; global_colors_info=&#8221;{}&#8221;][et_pb_row admin_label=&#8221;row&#8221; _builder_version=&#8221;4.16&#8243; background_size=&#8221;initial&#8221; background_position=&#8221;top_left&#8221; background_repeat=&#8221;repeat&#8221; global_colors_info=&#8221;{}&#8221;][et_pb_column type=&#8221;4_4&#8243; _builder_version=&#8221;4.16&#8243; custom_padding=&#8221;|||&#8221; global_colors_info=&#8221;{}&#8221; custom_padding__hover=&#8221;|||&#8221;][et_pb_text admin_label=&#8221;Text&#8221; _builder_version=&#8221;4.27.4&#8243; background_size=&#8221;initial&#8221; background_position=&#8221;top_left&#8221; background_repeat=&#8221;repeat&#8221; hover_enabled=&#8221;0&#8243; global_colors_info=&#8221;{}&#8221; text_font_size=&#8221;20px&#8221; sticky_enabled=&#8221;0&#8243;]<\/p>\n<h1><\/h1>\n<h3>Wartalo Kodit Oy:n vuokratalot kaupunginosittain<\/h3>\n<p>&nbsp;<\/p>\n<p><strong>H\u00e4yril\u00e4<br \/><\/strong>H\u00e4yril\u00e4nkatu 8-10 (luhti-\/rivitalo)<strong>\u00a0<\/strong><\/p>\n<p><strong><br \/>Joutenlahti<br \/><\/strong>K\u00e4\u00e4rmeniementie 32 (kerrostalo)<br \/>K\u00e4\u00e4rmeniementie 34 (kerrostalo)<br \/>Lemmensillantie 6 (kerrostalo)<br \/>Lemmensillantie 12 (kerrostalo)<br \/>Porukankuja 6 (kerrostalo)<br \/>Taaperokuja 5 (kerrostalo)<\/p>\n<p><strong><br \/>Kangaslampi<br \/><\/strong>Sopulantie 5 (rivitalo)<\/p>\n<p><strong><br \/>Kaura-aho<br \/><\/strong>Kaura-ahontie 12 (luhtitalo)<br \/>Kylv\u00e4j\u00e4ntie 1 (rivitalo)<br \/>Kylv\u00e4j\u00e4ntie 3 (rivitalo)<br \/>Tilustie 2 (luhtitalo)<br \/>Tilustie 4 (rivitalo)<\/p>\n<p><strong><br \/>Kommila<br \/><\/strong>Niittyl\u00e4nkatu 3-5 (luhtitalo)<br \/>Noormarkunkuja 1 (kerrostalo)<br \/>Savontie 47-51 (luhtitalo)<br \/>Tirmulankuja 2 (kerrostalo)<\/p>\n<p><strong><br \/>Kuoppakangas<br \/><\/strong>Linjurikatu 9 senioritalo (kerrostalo)<br \/>Linjurikatu 11 (kerrostalo)<br \/>Linjurikatu 13 (kerrostalo)<br \/>Nakskovinkatu 8 (kerrostalo)<br \/>Puistokatu 2-4 (kerrostalo)<\/p>\n<p><strong><br \/>K\u00e4pykangas<br \/><\/strong>Kalevankuja 2 (luhtitalo)<br \/>K\u00e4pykankaantie 7 (kerrostalo)<br \/>K\u00e4pykankaantie 9-11 (kerrostalo)<br \/>K\u00e4pykankaantie 17 (kerrostalo)<br \/>K\u00e4pykankaantie 21 (kerrostalo)<br \/>Louhitie 3 senioritalo (kerrostalo)<br \/>Louhitie 4 (kerrostalo)<br \/>Louhitie 6 (kerrostalo)<br \/>Tapionkatu 2 (kerrostalo)<strong>\u00a0<\/strong><\/p>\n<p><strong><br \/>Lehtoniemi<br \/><\/strong>Lehtoniementie 9 (luhtitalo)<br \/>Lehtoniementie 11 (luhtitalo)<br \/>Lehtoniementie 15 (luhtitalo)<br \/>Myll\u00e4rinkatu 15 (luhtitalo)<br \/>Myll\u00e4rinraitti 10 (luhtitalo)<br \/>Myll\u00e4rinraitti 12 (luhtitalo)<br \/>Ohrakuja 5-7 (luhtitalo)<br \/>Ohrakuja 9 (luhtitalo)<\/p>\n<p><strong><br \/>Leunanm\u00e4ki<br \/><\/strong>Laivalinnankatu 9-11 senioritalo (kerrostalo)<\/p>\n<p><strong><br \/>Luttila<br \/><\/strong>Lukkarinkatu 16 (rivitalo)<br \/>Lukkarinkatu 21 (rivitalo)<strong>\u00a0<\/strong><\/p>\n<p><strong><br \/>Puurtila<br \/><\/strong>Talvitaival 2-6 (luhtitalo)<br \/>Talvitaival 12 (rivitalo)<\/p>\n<p><strong><br \/>P\u00e4ivi\u00f6nsaari<br \/><\/strong>Antinpuisto 8 (kerrostalo)<\/p>\n<p><strong><br \/>Viinam\u00e4ki<br \/><\/strong>Ahjokatu 2-4 (luhtitalo)<br \/>Kuparisep\u00e4nkatu 5 (luhtitalo)<br \/>Kyllikinkatu 2 (kerrostalo)<br \/>Kyllikinkatu 4 (kerrostalo)<br \/>Lemmikinkatu 1 (kerrostalo)<br \/>L\u00e4kkisep\u00e4nkatu 2 (kerrostalo)<br \/>L\u00e4kkisep\u00e4nkatu 9 (luhtitalo)<br \/>L\u00e4kkisep\u00e4nkatu 10 (kerrostalo)<\/p>\n<p>[\/et_pb_text][\/et_pb_column][\/et_pb_row][\/et_pb_section]<\/p>\n","protected":false},"excerpt":{"rendered":"<p>Wartalo Kodit Oy:n vuokratalot kaupunginosittain &nbsp; H\u00e4yril\u00e4H\u00e4yril\u00e4nkatu 8-10 (luhti-\/rivitalo)\u00a0 JoutenlahtiK\u00e4\u00e4rmeniementie 32 (kerrostalo)K\u00e4\u00e4rmeniementie 34 (kerrostalo)Lemmensillantie 6 (kerrostalo)Lemmensillantie 12 (kerrostalo)Porukankuja 6 (kerrostalo)Taaperokuja 5 (kerrostalo) KangaslampiSopulantie 5 (rivitalo) Kaura-ahoKaura-ahontie 12 (luhtitalo)Kylv\u00e4j\u00e4ntie 1 (rivitalo)Kylv\u00e4j\u00e4ntie 3 (rivitalo)Tilustie 2 (luhtitalo)Tilustie 4 (rivitalo) KommilaNiittyl\u00e4nkatu 3-5 (luhtitalo)Noormarkunkuja 1 (kerrostalo)Savontie 47-51 (luhtitalo)Tirmulankuja 2 (kerrostalo) KuoppakangasLinjurikatu 9 senioritalo (kerrostalo)Linjurikatu 11 (kerrostalo)Linjurikatu 13 (kerrostalo)Nakskovinkatu 8 (kerrostalo)Puistokatu [&hellip;]<\/p>\n","protected":false},"author":2,"featured_media":0,"parent":0,"menu_order":0,"comment_status":"closed","ping_status":"closed","template":"","meta":{"_et_pb_use_builder":"on","_et_pb_old_content":"<h1><\/h1>\r\n<h3>Wartalo Kodit Oy:n vuokratalot kaupunginosittain<\/h3>\r\n&nbsp;\r\n\r\n<strong>H\u00e4yril\u00e4\r\n<\/strong>H\u00e4yril\u00e4nkatu 8-10 (luhti-\/rivitalo)<strong>\u00a0<\/strong>\r\n\r\n<strong>Joutenlahti\r\n<\/strong>K\u00e4\u00e4rmeniementie 32 (kerrostalo)\r\nK\u00e4\u00e4rmeniementie 34 (kerrostalo)\r\nLemmensillantie 6 (kerrostalo)\r\nLemmensillantie 12 (kerrostalo)\r\nPorukankuja 6 (kerrostalo)\r\nTaaperokuja 5 (kerrostalo)\r\n\r\n<strong>Kangaslampi\r\n<\/strong>Sopulantie 5 (rivitalo)\r\n\r\n<strong>Kaura-aho\r\n<\/strong>Kaura-ahontie 12 (luhtitalo)\r\nKylv\u00e4j\u00e4ntie 1 (rivitalo)\r\nKylv\u00e4j\u00e4ntie 3 (rivitalo)\r\nTilustie 2 (luhtitalo)\r\nTilustie 4 (rivitalo)\r\n\r\n<strong>Kommila\r\n<\/strong>Niittyl\u00e4nkatu 3-5 (luhtitalo)\r\nNoormarkunkuja 1 (kerrostalo)\r\nSavontie 47-51 (luhtitalo)\r\nTirmulankuja 2 (kerrostalo)\r\n\r\n<strong>Kuoppakangas\r\n<\/strong>Linjurikatu 9 senioritalo (kerrostalo)\r\nLinjurikatu 11 (kerrostalo)\r\nLinjurikatu 13 (kerrostalo)\r\nNakskovinkatu 8 (kerrostalo)\r\nPuistokatu 2-4 (kerrostalo)\r\n\r\n<strong>K\u00e4pykangas\r\n<\/strong>Kalevankuja 2 (luhtitalo)\r\nK\u00e4pykankaantie 7 (kerrostalo)\r\nK\u00e4pykankaantie 9-11 (kerrostalo)\r\nK\u00e4pykankaantie 17 (kerrostalo)\r\nK\u00e4pykankaantie 21 (kerrostalo)\r\nLouhitie 3 senioritalo (kerrostalo)\r\nLouhitie 4 (kerrostalo)\r\nLouhitie 6 (kerrostalo)\r\nTapionkatu 2 (kerrostalo)<strong>\u00a0<\/strong>\r\n\r\n<strong>Lehtoniemi\r\n<\/strong>Lehtoniementie 9 (luhtitalo)\r\nLehtoniementie 11 (luhtitalo)\r\nLehtoniementie 15 (luhtitalo)\r\nMyll\u00e4rinkatu 15 (luhtitalo)\r\nMyll\u00e4rinraitti 10 (luhtitalo)\r\nMyll\u00e4rinraitti 12 (luhtitalo)\r\nOhrakuja 5-7 (luhtitalo)\r\nOhrakuja 9 (luhtitalo)\r\n\r\n<strong>Leunanm\u00e4ki\r\n<\/strong>Laivalinnankatu 9-11 senioritalo (kerrostalo)\r\n\r\n<strong>Luttila\r\n<\/strong>Lukkarinkatu 16 (rivitalo)\r\nLukkarinkatu 21 (rivitalo)<strong>\u00a0<\/strong>\r\n\r\n<strong>Puurtila\r\n<\/strong>Talvitaival 2-6 (luhtitalo)\r\nTalvitaival 12 (rivitalo)\r\n\r\n<strong>P\u00e4ivi\u00f6nsaari\r\n<\/strong>Antinpuisto 8 (kerrostalo)\r\n\r\n<strong>Viinam\u00e4ki\r\n<\/strong>Ahjokatu 2-4 (luhtitalo)\r\nKuparisep\u00e4nkatu 5 (luhtitalo)\r\nKyllikinkatu 2 (kerrostalo)\r\nKyllikinkatu 4 (kerrostalo)\r\nLemmikinkatu 1 (kerrostalo)\r\nL\u00e4kkisep\u00e4nkatu 2 (kerrostalo)\r\nL\u00e4kkisep\u00e4nkatu 9 (luhtitalo)\r\nL\u00e4kkisep\u00e4nkatu 10 (kerrostalo)","_et_gb_content_width":"","footnotes":""},"class_list":["post-1061","page","type-page","status-publish","hentry"],"_links":{"self":[{"href":"https:\/\/wartalo.fi\/en\/wp-json\/wp\/v2\/pages\/1061","targetHints":{"allow":["GET"]}}],"collection":[{"href":"https:\/\/wartalo.fi\/en\/wp-json\/wp\/v2\/pages"}],"about":[{"href":"https:\/\/wartalo.fi\/en\/wp-json\/wp\/v2\/types\/page"}],"author":[{"embeddable":true,"href":"https:\/\/wartalo.fi\/en\/wp-json\/wp\/v2\/users\/2"}],"replies":[{"embeddable":true,"href":"https:\/\/wartalo.fi\/en\/wp-json\/wp\/v2\/comments?post=1061"}],"version-history":[{"count":5,"href":"https:\/\/wartalo.fi\/en\/wp-json\/wp\/v2\/pages\/1061\/revisions"}],"predecessor-version":[{"id":1067,"href":"https:\/\/wartalo.fi\/en\/wp-json\/wp\/v2\/pages\/1061\/revisions\/1067"}],"wp:attachment":[{"href":"https:\/\/wartalo.fi\/en\/wp-json\/wp\/v2\/media?parent=1061"}],"curies":[{"name":"wp","href":"https:\/\/api.w.org\/{rel}","templated":true}]}}