{"id":2,"date":"2023-03-01T23:34:14","date_gmt":"2023-03-01T21:34:14","guid":{"rendered":"http:\/\/proxima.nordname.net\/~wartalo\/?page_id=2"},"modified":"2026-04-23T14:14:17","modified_gmt":"2026-04-23T11:14:17","slug":"esimerkkisivu","status":"publish","type":"page","link":"https:\/\/wartalo.fi\/en\/","title":{"rendered":"Home"},"content":{"rendered":"<p>[et_pb_section fb_built=&#8221;1&#8243; fullwidth=&#8221;on&#8221; _builder_version=&#8221;4.22.1&#8243; _module_preset=&#8221;default&#8221; background_image=&#8221;https:\/\/wartalo.fi\/wp-content\/uploads\/2023\/09\/MicrosoftTeams-image-2-scaled.jpg&#8221; global_colors_info=&#8221;{}&#8221;][et_pb_fullwidth_slider _builder_version=&#8221;4.23.4&#8243; _module_preset=&#8221;default&#8221; background_last_edited=&#8221;on|phone&#8221; global_colors_info=&#8221;{}&#8221;][et_pb_slide heading=&#8221;Vuokra-asumista Varkaudessa&#8221; use_bg_overlay=&#8221;off&#8221; use_text_overlay=&#8221;on&#8221; text_overlay_color=&#8221;rgba(0,0,0,0.41)&#8221; _builder_version=&#8221;4.23.4&#8243; _module_preset=&#8221;default&#8221; body_font_size=&#8221;20px&#8221; background_enable_color=&#8221;off&#8221; background_image=&#8221;https:\/\/wartalo.fi\/wp-content\/uploads\/2023\/03\/306272281_522666513195737_3643821805465278988_n-1.jpg&#8221; background_enable_image=&#8221;on&#8221; header_font_size_tablet=&#8221;&#8221; header_font_size_phone=&#8221;25px&#8221; header_font_size_last_edited=&#8221;on|phone&#8221; body_font_size_tablet=&#8221;20px&#8221; body_font_size_phone=&#8221;15px&#8221; body_font_size_last_edited=&#8221;on|desktop&#8221; background_last_edited=&#8221;on|phone&#8221; background_image_phone=&#8221;https:\/\/wartalo.fi\/wp-content\/uploads\/2023\/04\/Varkaus-K45_iso-scaled.jpg&#8221; background_enable_image_phone=&#8221;on&#8221; background_size_phone=&#8221;stretch&#8221; background_image_width_phone=&#8221;100%&#8221; background_image_height_phone=&#8221;70%&#8221; background_position_phone=&#8221;center_right&#8221; global_colors_info=&#8221;{}&#8221; sticky_transition=&#8221;on&#8221;]<\/p>\n<p style=\"text-align: center;\">Wartalo Kodit Oy on vuonna 1986 perustettu Varkauden kaupungin omistama vuokrataloyhti\u00f6, joka omistaa eri puolella kaupunkia, palvelujen l\u00e4hell\u00e4 olevia kerros-, luhti- ja rivitaloja, joissa on yhteens\u00e4 noin 1250 vuokra-asuntoa.<\/p>\n<p style=\"text-align: center;\">Toiminta-ajatuksemme on tarjota koteja ja asumispalveluja sek\u00e4 turvallista asumista jokaiseen el\u00e4m\u00e4nvaiheeseen.<\/p>\n<p>[\/et_pb_slide][et_pb_slide heading=&#8221;Koteja ja asumispalveluita jokaiseen el\u00e4m\u00e4nvaiheeseen&#8221; use_bg_overlay=&#8221;off&#8221; use_text_overlay=&#8221;on&#8221; text_overlay_color=&#8221;rgba(0,0,0,0.41)&#8221; _builder_version=&#8221;4.21.0&#8243; _module_preset=&#8221;default&#8221; header_font_size=&#8221;46px&#8221; body_font_size=&#8221;20px&#8221; background_enable_color=&#8221;off&#8221; background_image=&#8221;https:\/\/wartalo.fi\/wp-content\/uploads\/2023\/09\/MicrosoftTeams-image-2-scaled.jpg&#8221; background_enable_image=&#8221;on&#8221; header_font_size_tablet=&#8221;46px&#8221; header_font_size_phone=&#8221;20px&#8221; header_font_size_last_edited=&#8221;on|phone&#8221; body_font_size_tablet=&#8221;20px&#8221; body_font_size_phone=&#8221;15px&#8221; body_font_size_last_edited=&#8221;on|phone&#8221; global_colors_info=&#8221;{}&#8221; sticky_transition=&#8221;on&#8221;]<\/p>\n<p>Asuntotarjontamme mahdollistaa kohtuuhintaisen asumisen erilaisissa el\u00e4m\u00e4ntilanteissa. Wartalo Kodit Oy:lla on eri kokoisia asuntoja eri asumismukavuuksilla. Olet opiskelija, seniori, perheellinen tai tarvitset esteet\u00f6nt\u00e4 asuntoa, tutustu tarjontaamme.<\/p>\n<p>Suoritamme kiinteist\u00f6ihin vuosittaisia korjauksia ja pid\u00e4mme asunnot hyv\u00e4ss\u00e4 kunnossa erilaiset asumisen tarpeet huomioiden.<\/p>\n<p>[\/et_pb_slide][\/et_pb_fullwidth_slider][\/et_pb_section][et_pb_section fb_built=&#8221;1&#8243; _builder_version=&#8221;4.18.0&#8243; _module_preset=&#8221;default&#8221; custom_padding=&#8221;0px||0px||false|false&#8221; global_colors_info=&#8221;{}&#8221;][et_pb_row column_structure=&#8221;1_4,1_4,1_4,1_4&#8243; use_custom_gutter=&#8221;on&#8221; gutter_width=&#8221;1&#8243; _builder_version=&#8221;4.18.0&#8243; _module_preset=&#8221;default&#8221; width=&#8221;100%&#8221; max_width=&#8221;100%&#8221; custom_padding=&#8221;0px||25px||false|false&#8221; global_colors_info=&#8221;{}&#8221;][et_pb_column type=&#8221;1_4&#8243; _builder_version=&#8221;4.18.0&#8243; _module_preset=&#8221;default&#8221; background_color=&#8221;#e3d079&#8243; custom_padding=&#8221;20px||20px||false|false&#8221; global_colors_info=&#8221;{}&#8221;][et_pb_blurb title=&#8221;VAPAAT ASUNNOT&#8221; url=&#8221;https:\/\/wartalokodit-markkinointihaku.etampuuri.fi\/&#8221; use_icon=&#8221;on&#8221; font_icon=&#8221;&#xe066;||fa||900&#8243; icon_color=&#8221;#373c41&#8243; _builder_version=&#8221;4.18.0&#8243; _module_preset=&#8221;default&#8221; header_text_align=&#8221;center&#8221; link_option_url=&#8221;https:\/\/wartalokodit-markkinointihaku.etampuuri.fi\/&#8221; global_colors_info=&#8221;{}&#8221;][\/et_pb_blurb][\/et_pb_column][et_pb_column type=&#8221;1_4&#8243; _builder_version=&#8221;4.18.0&#8243; _module_preset=&#8221;default&#8221; background_color=&#8221;#373c41&#8243; custom_padding=&#8221;20px||20px||false|false&#8221; global_colors_info=&#8221;{}&#8221;][et_pb_blurb title=&#8221;T\u00c4YT\u00c4 ASUNTOHAKEMUS&#8221; url=&#8221;https:\/\/hakemus.tampuuri.fi\/wartalokodit\/&#8221; use_icon=&#8221;on&#8221; font_icon=&#8221;&#x5a;||divi||400&#8243; icon_color=&#8221;#FFFFFF&#8221; _builder_version=&#8221;4.18.0&#8243; _module_preset=&#8221;default&#8221; header_text_align=&#8221;center&#8221; header_text_color=&#8221;#FFFFFF&#8221; link_option_url=&#8221;https:\/\/hakemus.tampuuri.fi\/wartalokodit\/&#8221; global_colors_info=&#8221;{}&#8221;][\/et_pb_blurb][\/et_pb_column][et_pb_column type=&#8221;1_4&#8243; _builder_version=&#8221;4.18.0&#8243; _module_preset=&#8221;default&#8221; background_color=&#8221;#a5d6d0&#8243; custom_padding=&#8221;20px||20px||false|false&#8221; global_colors_info=&#8221;{}&#8221;][et_pb_blurb title=&#8221;KIINTEIST\u00d6NHUOLTO&#8221; url=&#8221;https:\/\/wartalo.fi\/kiinteistonhoito&#8221; use_icon=&#8221;on&#8221; font_icon=&#8221;&#xf0ad;||fa||900&#8243; icon_color=&#8221;#373c41&#8243; _builder_version=&#8221;4.18.0&#8243; _module_preset=&#8221;default&#8221; header_text_align=&#8221;center&#8221; header_text_color=&#8221;#373c41&#8243; link_option_url=&#8221;https:\/\/wartalo.fi\/kiinteistonhoito&#8221; global_colors_info=&#8221;{}&#8221;][\/et_pb_blurb][\/et_pb_column][et_pb_column type=&#8221;1_4&#8243; _builder_version=&#8221;4.18.0&#8243; _module_preset=&#8221;default&#8221; background_color=&#8221;#9a9d9f&#8221; custom_padding=&#8221;20px||20px||false|false&#8221; global_colors_info=&#8221;{}&#8221;][et_pb_blurb title=&#8221;YHTEYSTIEDOT&#8221; url=&#8221;https:\/\/wartalo.fi\/yhteystiedot\/&#8221; use_icon=&#8221;on&#8221; font_icon=&#8221;&#xe026;||divi||400&#8243; icon_color=&#8221;#FFFFFF&#8221; _builder_version=&#8221;4.18.0&#8243; _module_preset=&#8221;default&#8221; header_text_align=&#8221;center&#8221; header_text_color=&#8221;#FFFFFF&#8221; link_option_url=&#8221;https:\/\/wartalo.fi\/yhteystiedot\/&#8221; global_colors_info=&#8221;{}&#8221;][\/et_pb_blurb][\/et_pb_column][\/et_pb_row][\/et_pb_section][et_pb_section fb_built=&#8221;1&#8243; admin_label=&#8221;Footer Section&#8221; _builder_version=&#8221;4.18.0&#8243; background_enable_image=&#8221;off&#8221; background_size=&#8221;custom&#8221; background_image_width=&#8221;19%&#8221; background_position=&#8221;bottom_left&#8221; custom_padding=&#8221;11px||6px|||&#8221; global_colors_info=&#8221;{}&#8221;][et_pb_row admin_label=&#8221;Contact Form Area&#8221; _builder_version=&#8221;4.18.0&#8243; global_colors_info=&#8221;{}&#8221;][et_pb_column type=&#8221;4_4&#8243; _builder_version=&#8221;4.16&#8243; custom_padding=&#8221;|||&#8221; global_colors_info=&#8221;{}&#8221; custom_padding__hover=&#8221;|||&#8221;][et_pb_post_slider include_categories=&#8221;1&#8243; show_meta=&#8221;off&#8221; _builder_version=&#8221;4.18.0&#8243; _module_preset=&#8221;default&#8221; background_enable_color=&#8221;off&#8221; background_image=&#8221;https:\/\/wartalo.fi\/wp-content\/uploads\/2023\/03\/306272281_522666513195737_3643821805465278988_n.jpg&#8221; auto=&#8221;on&#8221; global_colors_info=&#8221;{}&#8221;][\/et_pb_post_slider][\/et_pb_column][\/et_pb_row][\/et_pb_section][et_pb_section fb_built=&#8221;1&#8243; admin_label=&#8221;Footer Section&#8221; _builder_version=&#8221;4.18.0&#8243; background_image=&#8221;https:\/\/wartalo.fi\/wp-content\/uploads\/2023\/03\/lukkobg_1.jpg&#8221; background_size=&#8221;custom&#8221; background_image_width=&#8221;19%&#8221; background_position=&#8221;bottom_left&#8221; custom_padding=&#8221;11px||6px|||&#8221; global_colors_info=&#8221;{}&#8221;][et_pb_row column_structure=&#8221;1_2,1_2&#8243; admin_label=&#8221;Contact Form Area&#8221; _builder_version=&#8221;4.18.0&#8243; global_colors_info=&#8221;{}&#8221;][et_pb_column type=&#8221;1_2&#8243; _builder_version=&#8221;4.16&#8243; custom_padding=&#8221;|||&#8221; global_colors_info=&#8221;{}&#8221; custom_padding__hover=&#8221;|||&#8221;][et_pb_text admin_label=&#8221;Title&#8221; _builder_version=&#8221;4.21.0&#8243; text_font=&#8221;||||||||&#8221; header_font=&#8221;||||||||&#8221; header_2_font=&#8221;Raleway|600||on|||||&#8221; header_2_font_size=&#8221;30px&#8221; header_2_line_height=&#8221;1.5em&#8221; custom_margin=&#8221;||5px|&#8221; animation_style=&#8221;slide&#8221; animation_direction=&#8221;top&#8221; animation_intensity_slide=&#8221;20%&#8221; animation_starting_opacity=&#8221;100%&#8221; global_colors_info=&#8221;{}&#8221;]<\/p>\n<h2>Yhteystiedot<\/h2>\n<p>[\/et_pb_text][et_pb_text content_tablet=&#8221;<\/p>\n<p><strong>Wartalo Kodit Oy<\/strong><br \/><strong> Antinpuisto 8, <\/strong><strong>78250 VARKAUS<\/strong><\/p>\n<p><strong>Toimisto avoinna:<\/strong><strong><br \/><\/strong>Arkisin ma-pe klo 9.00-11.30 ja 12.30-15.00<\/p>\n<p><span style=%22text-decoration: underline;%22>Poikkeukselliset aukioloajat:<\/span><br \/>30.4.2026 klo 9.00-12.00<br \/>1.5.2026 suljettu<br \/>6.5.2026 klo 12.30-15.00<br \/>12.5.2026 klo 12.30-15.00<br \/>14.5.2026 suljettu<br \/>15.5.2026 suljettu<br \/>21.5.2026 suljettu<\/p>\n<p><strong>Asiakaspalvelu<\/strong><br \/>puh. <a href=%22tel:0104215712%22>010 421 5712<\/a><br \/><a href=%22mailto:asiakaspalvelu@wartalo.fi%22>asiakaspalvelu@wartalo.fi<\/a><\/p>\n<p>Soittaminen 010-alkuiseen yritysnumeroon maksaa pvm\/mpm.<br \/>Huom. Tekstiviestit eiv\u00e4t kulje 010-alkuisiin numeroihin.<\/p>\n<p>&#8221; content_phone=&#8221;<\/p>\n<p><strong>Wartalo Kodit Oy<\/strong><br \/><strong> Antinpuisto 8, <\/strong><strong>78250 VARKAUS<\/strong><\/p>\n<p><strong>Toimisto avoinna:<\/strong><strong><br \/><\/strong>Arkisin ma-pe klo 9.00-11.30 ja 12.30-15.00<\/p>\n<p><span style=%22text-decoration: underline;%22>Poikkeukselliset aukioloajat:<\/span><br \/>30.4.2026 klo 9.00-12.00<br \/>1.5.2026 suljettu<br \/>6.5.2026 klo 12.30-15.00<br \/>12.5.2026 klo 12.30-15.00<br \/>14.5.2026 suljettu<br \/>15.5.2026 suljettu<br \/>21.5.2026 suljettu<\/p>\n<p><strong>Asiakaspalvelu<\/strong><br \/>puh. <a href=%22tel:0104215712%22>010 421 5712<\/a><br \/><a href=%22mailto:asiakaspalvelu@wartalo.fi%22>asiakaspalvelu@wartalo.fi<\/a><\/p>\n<p>Soittaminen 010-alkuiseen yritysnumeroon maksaa pvm\/mpm.<br \/>Huom. Tekstiviestit eiv\u00e4t kulje 010-alkuisiin numeroihin.<\/p>\n<p>&#8221; content_last_edited=&#8221;on|phone&#8221; _builder_version=&#8221;4.27.6&#8243; _module_preset=&#8221;default&#8221; text_text_color=&#8221;#000000&#8243; text_font_size=&#8221;16px&#8221; hover_enabled=&#8221;0&#8243; global_colors_info=&#8221;{}&#8221; sticky_enabled=&#8221;0&#8243;]<\/p>\n<p><strong>Wartalo Kodit Oy<\/strong><br \/><strong> Antinpuisto 8, <\/strong><strong>78250 VARKAUS<\/strong><\/p>\n<p><strong>Toimisto avoinna:<\/strong><strong><br \/><\/strong>Arkisin ma-pe klo 9.00-11.30 ja 12.30-15.00<\/p>\n<p><span style=\"text-decoration: underline;\">Poikkeukselliset aukioloajat:<\/span><br \/>30.4.2026 klo 9.00-12.00<br \/>1.5.2026 suljettu<br \/>6.5.2026 klo 12.30-15.00<br \/>12.5.2026 klo 12.30-15.00<br \/>14.5.2026 suljettu<br \/>15.5.2026 suljettu<br \/>21.5.2026 suljettu<\/p>\n<p><strong>Asiakaspalvelu<\/strong><br \/>puh. <a href=\"tel:0104215712\">010 421 5712<\/a><br \/><a href=\"mailto:asiakaspalvelu@wartalo.fi\">asiakaspalvelu@wartalo.fi<\/a><\/p>\n<p>Soittaminen 010-alkuiseen yritysnumeroon maksaa pvm\/mpm.<br \/>Huom. Tekstiviestit eiv\u00e4t kulje 010-alkuisiin numeroihin.<\/p>\n<p>[\/et_pb_text][\/et_pb_column][et_pb_column type=&#8221;1_2&#8243; _builder_version=&#8221;4.16&#8243; custom_padding=&#8221;|||&#8221; global_colors_info=&#8221;{}&#8221; custom_padding__hover=&#8221;|||&#8221;][et_pb_text content_tablet=&#8221;<\/p>\n<h2>Yhteydenottolomake<\/h2>\n<p>&#8221; content_phone=&#8221;<\/p>\n<h2>Yhteydenotto-lomake<\/h2>\n<p>&#8221; content_last_edited=&#8221;on|phone&#8221; admin_label=&#8221;Title&#8221; _builder_version=&#8221;4.21.0&#8243; text_font=&#8221;||||||||&#8221; header_font=&#8221;||||||||&#8221; header_2_font=&#8221;Raleway|600||on|||||&#8221; header_2_font_size=&#8221;30px&#8221; header_2_line_height=&#8221;1.5em&#8221; custom_margin=&#8221;||5px|&#8221; animation_style=&#8221;slide&#8221; animation_direction=&#8221;top&#8221; animation_intensity_slide=&#8221;20%&#8221; animation_starting_opacity=&#8221;100%&#8221; global_colors_info=&#8221;{}&#8221;]<\/p>\n<h2>Yhteydenottolomake<\/h2>\n<p>[\/et_pb_text][et_pb_contact_form email=&#8221;asiakaspalvelu@wartalo.fi&#8221; submit_button_text=&#8221;L\u00e4het\u00e4 viesti!&#8221; module_id=&#8221;et_pb_contact_form_0&#8243; _builder_version=&#8221;4.21.0&#8243; form_field_background_color=&#8221;#ffffff&#8221; form_field_font=&#8221;Montserrat|300|||||||&#8221; form_field_font_size=&#8221;16px&#8221; custom_button=&#8221;on&#8221; button_text_size=&#8221;16px&#8221; button_text_color=&#8221;#ffffff&#8221; button_bg_color=&#8221;#e3d079&#8243; button_border_width=&#8221;8px&#8221; button_border_color=&#8221;#e3d079&#8243; button_letter_spacing=&#8221;2px&#8221; button_font=&#8221;Montserrat|600||on|||||&#8221; animation_style=&#8221;fade&#8221; border_width_all=&#8221;1px&#8221; border_color_all=&#8221;rgba(0,0,0,0.12)&#8221; form_background_color=&#8221;#ffffff&#8221; global_colors_info=&#8221;{}&#8221;][et_pb_contact_field field_id=&#8221;Nimi&#8221; field_title=&#8221;Nimi&#8221; fullwidth_field=&#8221;on&#8221; _builder_version=&#8221;4.21.0&#8243; _module_preset=&#8221;default&#8221; global_colors_info=&#8221;{}&#8221;][\/et_pb_contact_field][et_pb_contact_field field_id=&#8221;Puhelinnumero&#8221; field_title=&#8221;Puhelinnumero&#8221; required_mark=&#8221;off&#8221; fullwidth_field=&#8221;on&#8221; _builder_version=&#8221;4.18.0&#8243; _module_preset=&#8221;default&#8221; global_colors_info=&#8221;{}&#8221;][\/et_pb_contact_field][et_pb_contact_field field_id=&#8221;Mail&#8221; field_title=&#8221;S\u00e4hk\u00f6postiosoite&#8221; fullwidth_field=&#8221;on&#8221; _builder_version=&#8221;4.21.0&#8243; _module_preset=&#8221;default&#8221; global_colors_info=&#8221;{}&#8221;][\/et_pb_contact_field][et_pb_contact_field field_id=&#8221;Message&#8221; field_title=&#8221;Viesti&#8221; field_type=&#8221;text&#8221; fullwidth_field=&#8221;on&#8221; _builder_version=&#8221;4.18.0&#8243; global_colors_info=&#8221;{}&#8221; button_text_size__hover_enabled=&#8221;off&#8221; button_one_text_size__hover_enabled=&#8221;off&#8221; button_two_text_size__hover_enabled=&#8221;off&#8221; button_text_color__hover_enabled=&#8221;off&#8221; button_one_text_color__hover_enabled=&#8221;off&#8221; button_two_text_color__hover_enabled=&#8221;off&#8221; button_border_width__hover_enabled=&#8221;off&#8221; button_one_border_width__hover_enabled=&#8221;off&#8221; button_two_border_width__hover_enabled=&#8221;off&#8221; button_border_color__hover_enabled=&#8221;off&#8221; button_one_border_color__hover_enabled=&#8221;off&#8221; button_two_border_color__hover_enabled=&#8221;off&#8221; button_border_radius__hover_enabled=&#8221;off&#8221; button_one_border_radius__hover_enabled=&#8221;off&#8221; button_two_border_radius__hover_enabled=&#8221;off&#8221; button_letter_spacing__hover_enabled=&#8221;off&#8221; button_one_letter_spacing__hover_enabled=&#8221;off&#8221; button_two_letter_spacing__hover_enabled=&#8221;off&#8221; button_bg_color__hover_enabled=&#8221;off&#8221; button_one_bg_color__hover_enabled=&#8221;off&#8221; button_two_bg_color__hover_enabled=&#8221;off&#8221;][\/et_pb_contact_field][\/et_pb_contact_form][\/et_pb_column][\/et_pb_row][\/et_pb_section]<\/p>\n","protected":false},"excerpt":{"rendered":"<p>Wartalo Kodit Oy on vuonna 1986 perustettu Varkauden kaupungin omistama vuokrataloyhti\u00f6, joka omistaa eri puolella kaupunkia, palvelujen l\u00e4hell\u00e4 olevia kerros-, luhti- ja rivitaloja, joissa on yhteens\u00e4 noin 1250 vuokra-asuntoa. Toiminta-ajatuksemme on tarjota koteja ja asumispalveluja sek\u00e4 turvallista asumista jokaiseen el\u00e4m\u00e4nvaiheeseen.Asuntotarjontamme mahdollistaa kohtuuhintaisen asumisen erilaisissa el\u00e4m\u00e4ntilanteissa. Wartalo Kodit Oy:lla on eri kokoisia asuntoja eri asumismukavuuksilla. Olet [&hellip;]<\/p>\n","protected":false},"author":1,"featured_media":0,"parent":0,"menu_order":0,"comment_status":"closed","ping_status":"open","template":"","meta":{"_et_pb_use_builder":"on","_et_pb_old_content":"<!-- wp:paragraph -->\r\n<p>T\u00e4m\u00e4 on esimerkkisivu. Se eroaa artikkelista, sill\u00e4 se pysyy omalla paikallaan ja n\u00e4kyy sivustosi navigaatiossa (useimmissa teemoissa). Monet tekev\u00e4t ensimm\u00e4isen\u00e4 Tietoja-sivun, joka esittelee heid\u00e4t sivuston vierailijoille. Siihen voi kirjoittaa esimerkiksi jotain t\u00e4m\u00e4nkaltaista sis\u00e4lt\u00f6\u00e4:<\/p>\r\n<!-- \/wp:paragraph -->\r\n\r\n<!-- wp:quote -->\r\n<blockquote class=\"wp-block-quote\"><p>Tervehdys! P\u00e4iv\u00e4ty\u00f6kseni teen py\u00f6r\u00e4l\u00e4hetin hommia ja iltaisin toimin harrastelijateatterin parissa. N\u00e4m\u00e4 ovat minun ikiomat sivuni. Asun Paraisilla ja minulla on mahtava koira, jonka nimi on Jaakko. Pid\u00e4n pi\u00f1a colada -drinkeist\u00e4 ja sateen ropinasta peltikatolla.<\/p><\/blockquote>\r\n<!-- \/wp:quote -->\r\n\r\n<!-- wp:paragraph -->\r\n<p>...tai jotain t\u00e4llaista:<\/p>\r\n<!-- \/wp:paragraph -->\r\n\r\n<!-- wp:quote -->\r\n<blockquote class=\"wp-block-quote\"><p>Hilavitkuttimet Oy perustettiin vuonna 1971 ja se on siit\u00e4 l\u00e4htien tuottanut asiakkailleen laadukkaita hilavitkuttimia. Yli 200 henkil\u00f6\u00e4 ty\u00f6llist\u00e4v\u00e4 Hilavitkuttimet Oy sijaitsee Salossa ja j\u00e4rjest\u00e4\u00e4 kaikenlaisia tempauksia paikallisen yhteis\u00f6n iloksi.<\/p><\/blockquote>\r\n<!-- \/wp:quote -->\r\n\r\n<!-- wp:paragraph -->\r\n<p>Uutena WordPress-k\u00e4ytt\u00e4j\u00e4n\u00e4, sinun kannattaa menn\u00e4 <a href=\"https:\/\/wartalo.fi\/wp-admin\/\">ohjauspaneeliisi<\/a> poistaaksesi t\u00e4m\u00e4n sivun ja luodaksesi uusia sivuja sis\u00e4ll\u00f6llesi. Pid\u00e4 hauskaa!<\/p>\r\n<!-- \/wp:paragraph -->","_et_gb_content_width":"","footnotes":""},"class_list":["post-2","page","type-page","status-publish","hentry"],"_links":{"self":[{"href":"https:\/\/wartalo.fi\/en\/wp-json\/wp\/v2\/pages\/2","targetHints":{"allow":["GET"]}}],"collection":[{"href":"https:\/\/wartalo.fi\/en\/wp-json\/wp\/v2\/pages"}],"about":[{"href":"https:\/\/wartalo.fi\/en\/wp-json\/wp\/v2\/types\/page"}],"author":[{"embeddable":true,"href":"https:\/\/wartalo.fi\/en\/wp-json\/wp\/v2\/users\/1"}],"replies":[{"embeddable":true,"href":"https:\/\/wartalo.fi\/en\/wp-json\/wp\/v2\/comments?post=2"}],"version-history":[{"count":147,"href":"https:\/\/wartalo.fi\/en\/wp-json\/wp\/v2\/pages\/2\/revisions"}],"predecessor-version":[{"id":1146,"href":"https:\/\/wartalo.fi\/en\/wp-json\/wp\/v2\/pages\/2\/revisions\/1146"}],"wp:attachment":[{"href":"https:\/\/wartalo.fi\/en\/wp-json\/wp\/v2\/media?parent=2"}],"curies":[{"name":"wp","href":"https:\/\/api.w.org\/{rel}","templated":true}]}}