{"id":3,"date":"2023-03-01T23:34:14","date_gmt":"2023-03-01T21:34:14","guid":{"rendered":"http:\/\/proxima.nordname.net\/~wartalo\/?page_id=3"},"modified":"2023-04-06T13:24:20","modified_gmt":"2023-04-06T10:24:20","slug":"tietosuojaseloste","status":"publish","type":"page","link":"https:\/\/wartalo.fi\/en\/tietosuojaseloste\/","title":{"rendered":"Privacy Policy Statement (in Finnish)"},"content":{"rendered":"<h2 class=\"wp-block-heading\">REKISTERINPIT\u00c4J\u00c4<\/h2>\r\n<p>Nimi: Wartalo Kodit Oy<br \/>Y-ID: 0609659-2<\/p>\r\n<h2>YHTEYSHENKIL\u00d6 REKISTERI\u00c4 KOSKEVISSA ASIOISSA<\/h2>\r\n<p>S\u00e4hk\u00f6posti: asiakaspalvelu@wartalo.fi<br \/>Puhelinnumero: 0104 215 712<\/p>\r\n<h2>REKISTERIN NIMI<\/h2>\r\n<p>Asiakasrekisteri<\/p>\r\n<h2>HENKIL\u00d6TIETOJEN K\u00c4SITTELYN TARKOITUS<\/h2>\r\n<p>Asiakasrekisterin sis\u00e4lt\u00e4mien henkil\u00f6tietojen k\u00e4sittelyn tarkoituksena on Wartalo Kodit Oy:n ja sen alihankkijayhti\u00f6iden liiketoimintaan liittyvien asiakassuhteiden ja teht\u00e4vien hoitaminen, Wartalo Kodit Oy:n ja sen alihankkijayhti\u00f6iden palveluiden ja tuotteiden tarjoaminen ja niist\u00e4 viestiminen sek\u00e4 asiakassuhteiden ja Wartalo Kodit Oy:n sek\u00e4 sen alihankkijayhti\u00f6iden tarjoaminen olemassa olevien ja tulevien palveluiden ja tuotteiden laadun varmentaminen, yll\u00e4pit\u00e4minen ja kehitt\u00e4minen.<\/p>\r\n<p>Yll\u00e4 mainitussa tarkoituksissa henkil\u00f6tietoja voidaan k\u00e4sitell\u00e4 Wartalo Kodit Oy:n ja sen alihankkijayhti\u00f6iden asiakassuhteiden sek\u00e4 palvelujen ja tuotteiden k\u00e4yt\u00f6n analysoimiksesi, tarjoamiseksi ja kehitt\u00e4miseksi, asiakkuuksien ja rekister\u00f6ityjen tunnistamiseksi, tilastointiin, asiakasviestint\u00e4\u00e4n sek\u00e4 Wartalo Kodit Oy:n, sen alihankkijayhti\u00f6iden ja niiden huolellisesti valikoitujen yhteisty\u00f6kumppaneiden tuotteiden ja palvelujen markkinointiin sek\u00e4 mielipide- ja markkinatutkimuksiin.<\/p>\r\n<p>Wartalo Kodit Oy noudattaa henkil\u00f6tietojen k\u00e4sittelyss\u00e4 siihen soveltuvaa lains\u00e4\u00e4d\u00e4nt\u00f6\u00e4 ja asetusta kuten henkil\u00f6tietolakia ja henkil\u00f6tietoasetusta. Henkil\u00f6tietoja voidaan k\u00e4sitell\u00e4 sovellettaviin lakeihin sek\u00e4 viranomaisten m\u00e4\u00e4r\u00e4yksiin ja ohjeisiin liittyvien velvoitteiden noudattamiseksi.<\/p>\r\n<p>Rekisterin oikeudelliset perusteet henkil\u00f6tietojen k\u00e4sittelyyn ovat:<\/p>\r\n<ul>\r\n<li>K\u00e4sittely on tarpeen yleisen edun mukaisia arkistointitarkoituksia taikka tieteellisi\u00e4 ja historiallisia tutkimustarkoituksia tai tilastollisia tarkoituksia varten 89 artiklan 1 kohdan mukaisesti unionin oikeuden tai j\u00e4senvaltion lains\u00e4\u00e4d\u00e4nn\u00f6n nojalla, edellytt\u00e4en ett\u00e4 se on oikeasuhteinen tavoitteeseen n\u00e4hden, siin\u00e4 noudatetaan keskeisilt\u00e4 osin oikeutta henkil\u00f6tietojen suojaan ja siin\u00e4 s\u00e4\u00e4det\u00e4\u00e4n asianmukaisista ja erityisist\u00e4 toimenpiteist\u00e4 rekister\u00f6idyn perusoikeuksien ja etujen suojaamiseksi.<\/li>\r\n<li>K\u00e4sittely on tarpeen rekister\u00f6idyn tai toisen luonnollisen henkil\u00f6n elint\u00e4rkeiden etujen suojaamiseksi<\/li>\r\n<li>K\u00e4sittely koskee henkil\u00f6tietoja, jotka rekister\u00f6ity on nimenomaisesti saattanut julkisiksi;<\/li>\r\n<li>K\u00e4sittely on tarpeen rekisterinpit\u00e4j\u00e4n tai rekister\u00f6idyn velvoitteiden ja erityisten oikeuksien noudattamiseksi ty\u00f6oikeuden, sosiaaliturvan ja sosiaalisen suojelun alalla, silt\u00e4 osin kuin se sallitaan unionin oikeudessa tai j\u00e4senvaltion lains\u00e4\u00e4d\u00e4nn\u00f6ss\u00e4 tai j\u00e4senvaltion lains\u00e4\u00e4d\u00e4nn\u00f6n mukaisessa ty\u00f6ehtosopimuksessa, jossa s\u00e4\u00e4det\u00e4\u00e4n rekister\u00f6idyn perusoikeuksia ja etuja koskevista asianmukaisista suojatoimista<\/li>\r\n<li>K\u00e4sittely on tarpeen rekisterinpit\u00e4j\u00e4n tai kolmannen osapuolen oikeutettujen etujen toteuttamiseksi, paitsi milloin henkil\u00f6tietojen suojaa edellytt\u00e4v\u00e4t rekister\u00f6idyn edut tai perusoikeudet ja -vapaudet syrj\u00e4ytt\u00e4v\u00e4t t\u00e4llaiset edut, erityisesti jos rekister\u00f6ity on lapsi.<\/li>\r\n<li>Rekister\u00f6ity on antanut suostumuksensa henkil\u00f6tietojensa k\u00e4sittelyyn yht\u00e4 tai useampaa erityist\u00e4 tarkoitusta varten<\/li>\r\n<li>K\u00e4sittely on tarpeen sellaisen sopimuksen t\u00e4yt\u00e4nt\u00f6\u00f6n panemiseksi, jossa rekister\u00f6ity on osapuolena, tai sopimuksen tekemist\u00e4 edelt\u00e4vien toimenpiteiden toteuttamiseksi rekister\u00f6idyn pyynn\u00f6st\u00e4<\/li>\r\n<\/ul>\r\n<h2>REKISTERIN TIETOSIS\u00c4LT\u00d6<\/h2>\r\n<p>Rekisteriin voidaan tallentaa seuraavia henkil\u00f6tietoja:<\/p>\r\n<ul>\r\n<li>Henkil\u00f6n nimi<\/li>\r\n<li>Henkil\u00f6tunnus<\/li>\r\n<li>Kieli<\/li>\r\n<li>Kotipuhelinnumero<\/li>\r\n<li>Markkinointisuostumus<\/li>\r\n<li>Matkapuhelinnumero<\/li>\r\n<li>Osoite<\/li>\r\n<li>Pankkiyhteys<\/li>\r\n<li>Rekister\u00f6idyn l\u00e4hett\u00e4m\u00e4 viesti<\/li>\r\n<li>S\u00e4hk\u00f6inen laskutustieto<\/li>\r\n<li>Email address<\/li>\r\n<li>Tunnistenumero<\/li>\r\n<li>Ty\u00f6puhelin<\/li>\r\n<li>Verkko-osoite<\/li>\r\n<li>Verkkopalvelun tunnistetieto<\/li>\r\n<li>Yksil\u00f6iv\u00e4t identiteettitekij\u00e4t<\/li>\r\n<\/ul>\r\n<p>Kameravalvonta<\/p>\r\n<p>Wartalo Kodit Oy toteuttaa jatkuvasti kuvaa v\u00e4litt\u00e4v\u00e4n tai kuvaa tallentavan teknisen laitteen k\u00e4ytt\u00f6\u00f6n perustuvaa valvontaa (kameravalvonta) k\u00e4yt\u00f6ss\u00e4\u00e4n olevissa tiloissa ty\u00f6ntekij\u00f6iden ja muiden tiloissa oleskelevien henkil\u00f6kohtaisen turvallisuuden varmistamiseksi omaisuuden suojaamiseksi tai tuotantoprosessien asianmukaisen toiminnan valvomiseksi, ja turvallisuutta, omaisuutta tai tuotantoprosessia vaarantavien tilanteiden ennaltaehk\u00e4isemiseksi tai selvitt\u00e4miseksi.<\/p>\r\n<h2>TIETOL\u00c4HTEET<\/h2>\r\n<p>Tietoja ker\u00e4t\u00e4\u00e4n s\u00e4\u00e4nn\u00f6nmukaisesti seuraavista tietol\u00e4hteist\u00e4:<\/p>\r\n<ul>\r\n<li>Asiakkaan edustajan lis\u00e4\u00e4m\u00e4<\/li>\r\n<li>Ilmoittautumiset tilaisuuksiin ja tapahtumiin<\/li>\r\n<li>K\u00e4sittelij\u00e4n lis\u00e4\u00e4m\u00e4<\/li>\r\n<li>K\u00e4ytt\u00e4j\u00e4tilin luominen<\/li>\r\n<li>Yll\u00e4pidon lis\u00e4\u00e4m\u00e4<\/li>\r\n<\/ul>\r\n<h2>S\u00c4\u00c4NN\u00d6NMUKAISET TIETOJEN LUOVUTUKSET JA TIETOJEN SIIRTO EU:N TAI EUROOPAN TALOUSALUEEN ULKOPUOLELLE<\/h2>\r\n<p>Henkil\u00f6tietoja voidaan siirt\u00e4\u00e4 Wartalo Kodit Oy:n alihankkijayhti\u00f6ille ja niit\u00e4 voidaan k\u00e4sitell\u00e4\u00e4n yhteisess\u00e4 tietoj\u00e4rjestelm\u00e4ss\u00e4. Asiakasrekisteriin tallennetut henkil\u00f6tiedot voidaan siirt\u00e4\u00e4 Wartalo Kodit Oy:n suoramarkkinointirekisteriin tiedot ker\u00e4tt\u00e4ess\u00e4 ja silloin, kun rekister\u00f6idyn henkil\u00f6n asiakassuhde Wartalo Kodit Oy:n kanssa tai muu asiallinen yhteys Wartalo Kodit Oy:n p\u00e4\u00e4ttyy.<\/p>\r\n<p>Henkil\u00f6tietoja voidaan luovuttaa t\u00e4ss\u00e4 rekisteriselosteessa kuvattuja tarkoituksia varten ja kulloinkin voimassaolevan lains\u00e4\u00e4d\u00e4nn\u00f6n, viranomaisten m\u00e4\u00e4r\u00e4ysten sek\u00e4 toimialaj\u00e4rjest\u00f6jen ohjeiden sallimissa ja velvoittamissa rajoissa esimerkiksi viranomaisille.<\/p>\r\n<p>Henkil\u00f6tietoja voidaan luovuttaa my\u00f6s rekisterinpit\u00e4j\u00e4n huolellisesti valikoimien yhteisty\u00f6kumppaneiden sellaisiin markkinointitarkoituksiin, jotka tukevat Asiakasrekisteriss\u00e4 kuvattuja henkil\u00f6tietojen k\u00e4sittelyn tarkoituksia.<\/p>\r\n<p>Tietoja ei s\u00e4\u00e4nn\u00f6nmukaisesti luovuteta EU:n tai ETA:n ulkopuolelle.<\/p>\r\n<h2>REKISTERIN SUOJAUKSEN PERIAATTEET<\/h2>\r\n<p>S\u00e4hk\u00f6isess\u00e4 muodossa olevat henkil\u00f6tiedot on suojattu toimialalla yleisesti hyv\u00e4ksytt\u00e4vien ja kohtuullisin teknisin keinoin kuten palomuurein ja salasanoin. Muut kuin s\u00e4hk\u00f6isess\u00e4 muodossa olevat Asiakasrekisterin henkil\u00f6tietoja sis\u00e4lt\u00e4v\u00e4t aineistot sijaitsevat lukituissa tiloissa, joihin asiattomilta on p\u00e4\u00e4sy estetty.<\/p>\r\n<p>Ainoastaan yksil\u00f6idyill\u00e4 rekisterinpit\u00e4j\u00e4n tai sen toimeksiannosta ja luukuun toimivien yritysten ty\u00f6ntekij\u00f6ill\u00e4 on p\u00e4\u00e4sy Asiakasrekisteriss\u00e4 k\u00e4sitelt\u00e4viin henkil\u00f6tietoihin Wartalo Kodit Oy:n my\u00f6nt\u00e4mien k\u00e4ytt\u00f6oikeuksien mukaisesti. Wartalo Kodit Oy huomioi siihen sovellettavan lains\u00e4\u00e4d\u00e4nn\u00f6n ja viranomaisten m\u00e4\u00e4r\u00e4ykset ja toimialaj\u00e4rjest\u00f6jen ohjeet henkil\u00f6tietojen luottamuksellisen k\u00e4sittelyn varmistamisesta.<\/p>\r\n<p>Huomioitavaa on, ett\u00e4 rekisterinpit\u00e4j\u00e4ll\u00e4 voi olla lakis\u00e4\u00e4teinen tai jokin muu oikeus olla poistamatta pyydettyj\u00e4 tietoja. Rekisterinpit\u00e4j\u00e4ll\u00e4 on velvollisuus s\u00e4ilytt\u00e4\u00e4 kirjanpitoaineisto Kirjanpitolaissa (luku 2, 10 \u00a7) m\u00e4\u00e4ritellyn ajan (10 vuotta) mukaisesti. T\u00e4m\u00e4n vuoksi kirjanpitoon liittyv\u00e4\u00e4 aineistoa ei voida poistaa ennen m\u00e4\u00e4r\u00e4ajan umpeutumista.<\/p>","protected":false},"excerpt":{"rendered":"<p>REKISTERINPIT\u00c4J\u00c4 Nimi: Wartalo Kodit OyY-tunnus: 0609659-2 YHTEYSHENKIL\u00d6 REKISTERI\u00c4 KOSKEVISSA ASIOISSA S\u00e4hk\u00f6posti: asiakaspalvelu@wartalo.fiPuhelinnumero: 0104 215 712 REKISTERIN NIMI Asiakasrekisteri HENKIL\u00d6TIETOJEN K\u00c4SITTELYN TARKOITUS Asiakasrekisterin sis\u00e4lt\u00e4mien henkil\u00f6tietojen k\u00e4sittelyn tarkoituksena on Wartalo Kodit Oy:n ja sen alihankkijayhti\u00f6iden liiketoimintaan liittyvien asiakassuhteiden ja teht\u00e4vien hoitaminen, Wartalo Kodit Oy:n ja sen alihankkijayhti\u00f6iden palveluiden ja tuotteiden tarjoaminen ja niist\u00e4 viestiminen sek\u00e4 asiakassuhteiden ja [&hellip;]<\/p>\n","protected":false},"author":1,"featured_media":0,"parent":0,"menu_order":0,"comment_status":"closed","ping_status":"open","template":"","meta":{"_et_pb_use_builder":"","_et_pb_old_content":"","_et_gb_content_width":"","footnotes":""},"class_list":["post-3","page","type-page","status-publish","hentry"],"_links":{"self":[{"href":"https:\/\/wartalo.fi\/en\/wp-json\/wp\/v2\/pages\/3","targetHints":{"allow":["GET"]}}],"collection":[{"href":"https:\/\/wartalo.fi\/en\/wp-json\/wp\/v2\/pages"}],"about":[{"href":"https:\/\/wartalo.fi\/en\/wp-json\/wp\/v2\/types\/page"}],"author":[{"embeddable":true,"href":"https:\/\/wartalo.fi\/en\/wp-json\/wp\/v2\/users\/1"}],"replies":[{"embeddable":true,"href":"https:\/\/wartalo.fi\/en\/wp-json\/wp\/v2\/comments?post=3"}],"version-history":[{"count":1,"href":"https:\/\/wartalo.fi\/en\/wp-json\/wp\/v2\/pages\/3\/revisions"}],"predecessor-version":[{"id":357,"href":"https:\/\/wartalo.fi\/en\/wp-json\/wp\/v2\/pages\/3\/revisions\/357"}],"wp:attachment":[{"href":"https:\/\/wartalo.fi\/en\/wp-json\/wp\/v2\/media?parent=3"}],"curies":[{"name":"wp","href":"https:\/\/api.w.org\/{rel}","templated":true}]}}