{"id":322,"date":"2023-03-21T15:27:11","date_gmt":"2023-03-21T13:27:11","guid":{"rendered":"https:\/\/proxima.nordname.net\/~wartalo\/?page_id=322"},"modified":"2024-01-10T09:52:29","modified_gmt":"2024-01-10T07:52:29","slug":"vuokrasopimus-ja-asuntoon-muutto","status":"publish","type":"page","link":"https:\/\/wartalo.fi\/en\/vuokrasopimus-ja-asuntoon-muutto\/","title":{"rendered":"Rental agreement and moving in"},"content":{"rendered":"<p>[et_pb_section fb_built=&#8221;1&#8243; _builder_version=&#8221;4.21.0&#8243; _module_preset=&#8221;default&#8221; background_image=&#8221;https:\/\/wartalo.fi\/wp-content\/uploads\/2023\/03\/lukkobg_1.jpg&#8221; background_size=&#8221;custom&#8221; background_image_width=&#8221;27%&#8221; background_image_height=&#8221;27%&#8221; background_position=&#8221;bottom_left&#8221; global_colors_info=&#8221;{}&#8221;][et_pb_row column_structure=&#8221;3_5,2_5&#8243; _builder_version=&#8221;4.18.0&#8243; _module_preset=&#8221;default&#8221; global_colors_info=&#8221;{}&#8221;][et_pb_column type=&#8221;3_5&#8243; _builder_version=&#8221;4.18.0&#8243; _module_preset=&#8221;default&#8221; global_colors_info=&#8221;{}&#8221;][et_pb_text _builder_version=&#8221;4.18.0&#8243; _module_preset=&#8221;default&#8221; global_colors_info=&#8221;{}&#8221;]<\/p>\n<h1 style=\"text-align: center;\">Vuokrasopimus ja asuntoon muutto<\/h1>\n<p>[\/et_pb_text][et_pb_text _builder_version=&#8221;4.23.4&#8243; _module_preset=&#8221;default&#8221; text_font_size=&#8221;20px&#8221; header_5_font_size=&#8221;20px&#8221; hover_enabled=&#8221;0&#8243; global_colors_info=&#8221;{}&#8221; content_last_edited=&#8221;on|phone&#8221; sticky_enabled=&#8221;0&#8243; content_tablet=&#8221;<\/p>\n<h5><strong>Vakuusmaksu<\/strong><\/h5>\n<p>Vakuusmaksu on kyseisen asunnon 1-3 kuukauden vuokran suuruinen, joka on oltava suoritettu ennen vuokrasopimuksen allekirjoittamista. Vakuusmaksu palautetaan n. 1 kuukauden kuluessa vuokrasopimuksen p\u00e4\u00e4ttymisen j\u00e4lkeen, mik\u00e4li asukkaan l\u00e4ht\u00f6tarkastuksessa asunnossa ei havaita mit\u00e4\u00e4n normaalista kulumisesta poikkeavaa ja asunto on j\u00e4tetty siistiin kuntoon.<\/p>\n<p>Palautettavasta vakuusmaksusta v\u00e4hennet\u00e4\u00e4n mahdolliset maksamattomat vuokrat, k\u00e4ytt\u00f6korvausmaksut sek\u00e4 asunnon siivous-, tyhjennys- ja korjauskulut my\u00f6s lukon sarjoituskulu v\u00e4hennet\u00e4\u00e4n vakuudesta (mik\u00e4li lukko joudutaan sarjoittamaan uudelleen puuttuvan\/puuttuvien avaimien johdosta). Vakuusmaksun ylitt\u00e4v\u00e4t kulut laskutetaan asukkaalta erikseen. Vakuusmaksulle ei makseta korkoa.<\/p>\n<p>&nbsp;<\/p>\n<h5><strong>Vuokrasopimus<\/strong><\/h5>\n<p>Vuokrasopimus voi olla toistaiseksi voimassa oleva tai m\u00e4\u00e4r\u00e4aikainen. Toistaiseksi voimassa oleva vuokrasopimus p\u00e4\u00e4ttyy irtisanomisen johdosta irtisanomisajan kuluttua. M\u00e4\u00e4r\u00e4aikainen vuokrasopimus p\u00e4\u00e4ttyy vuokrasopimuksen mukaisena p\u00e4\u00e4ttymisp\u00e4iv\u00e4n\u00e4 ilman irtisanomista.<\/p>\n<p>Vuokrasopimuksen allekirjoituksella sitoudutaan noudattamaan asuinhuoneiston vuokraukseen liittyvi\u00e4 lakeja, ehtoja, ohjeita ja j\u00e4rjestyss\u00e4\u00e4nt\u00f6j\u00e4.<\/p>\n<p>&nbsp;<\/p>\n<h5><strong>Vuokranmaksu<\/strong><\/h5>\n<p>Vuokranmaksup\u00e4iv\u00e4 on kunkin kuukauden 5. p\u00e4iv\u00e4. Vuokralainen ohjaa mahdollisen asumistuen Wartalo Kodit Oy:lle.<\/p>\n<p>Viiv\u00e4styneest\u00e4 maksusta asukkaalta perit\u00e4\u00e4n viiv\u00e4styskorkoa korkolain mukaan sek\u00e4 mahdolliset perint\u00e4kulut. Vuokranmaksuvaikeuksien sattuessa on asukkaan syyt\u00e4 k\u00e4\u00e4nty\u00e4 vuokraperint\u00e4\u00e4 hoitavan yhti\u00f6n puoleen maksusuunnitelman laatimiseksi.<\/p>\n<p>&nbsp;<\/p>\n<h5><strong>Asuntoon muutto<\/strong><\/h5>\n<p>Asuntoon muuttajien henkil\u00f6tiedot kirjautuvat vuokrasopimusta teht\u00e4ess\u00e4 talonkirjoille. Mik\u00e4li my\u00f6hemmin asunnon asukasm\u00e4\u00e4r\u00e4 muuttuu, uuden tai poismuuttaneen perheenj\u00e4senen tiedot tulee ilmoittaa Wartalo Kodit Oy:n asiakaspalveluun. N\u00e4in varmistetaan, ett\u00e4 talon asukastiedot ja talonkirjaotteen tiedot ovat ajan tasalla. Asunnon avaimet saa Wartalo Kodit Oy:n toimistolta osoitteesta Antinpuisto 8.<\/p>\n<p>Autopaikan ja saunavuoron voi varata Wartalo Kodit Oy:n toimistolta tai s\u00e4hk\u00f6isesti autopaikat <strong><a href=%22https:\/\/wartalo.fi\/autopaikat\/%22>t\u00e4st\u00e4 linkist\u00e4<\/a><\/strong> ja saunavuorot <a href=%22https:\/\/wartalo.fi\/saunavuorot\/%22><strong>t\u00e4st\u00e4 linkist\u00e4<\/strong><\/a>. Kiinteist\u00f6nhoitaja toimittaa autopaikan avaimet autopaikan varaamisen j\u00e4lkeen.<\/p>\n<p>&nbsp;<\/p>\n<h5><strong>Alkutarkastus<\/strong><\/h5>\n<p>Asunto on tarkastettu ennen uuden asukkaan muuttoa. Taloon muuttaessa asukkaan on my\u00f6s itse tarkastettava asunto ja ilmoitettava mahdollisista havaituista vioista tai puutteista mahdollisimman pian muuton j\u00e4lkeen soittamalla Wartalo Kodit Oy:n asiakaspalveluun, oman alueen kiinteist\u00f6nhoitajalle tai tekem\u00e4ll\u00e4 <a href=%22https:\/\/portaali.tampuuri.fi\/wartalokoditoy\/uusivikailmoitus%22><strong>s\u00e4hk\u00f6inen vikailmoitus<\/strong><\/a>.<\/p>\n<p>&nbsp;<\/p>\n<h5><strong>S\u00e4hk\u00f6sopimukset<\/strong><\/h5>\n<p>Asunnon s\u00e4hk\u00f6sopimus on asukkaan teht\u00e4v\u00e4 itse. S\u00e4hk\u00f6ntoimittajan voi asukas valita vapaasti. S\u00e4hk\u00f6sopimus t\u00e4ytyy tehd\u00e4 hyviss\u00e4 ajoin ennen muuttoa, sill\u00e4 vuokralainen vastaa s\u00e4hk\u00f6st\u00e4 vuokrasopimuksen voimassaoloajan.<\/p>\n<p>&nbsp;<\/p>\n<h5><strong>Vakuutukset<\/strong><\/h5>\n<p>Wartalo Kodit Oy:n kiinteist\u00f6vakuutus korvaa vain kiinteist\u00f6lle aiheutuneet vahingot. Asukkaan irtaimistolle aiheutuneita vahinkoja se ei korvaa asuinhuoneistossa eik\u00e4 muualla kiinteist\u00f6n tiloissa.<\/p>\n<p>Suosittelemme asukkaita ottamaan kotivakuutuksen oman irtaimistonsa turvaksi. Kotivakuutukseen on j\u00e4rkev\u00e4\u00e4 liitt\u00e4\u00e4 my\u00f6s vastuuvakuutus, joka korvaa asukkaan itse aiheuttamia vahinkoja. Asukkaan irtaimistolle aiheutuneita vahinkoja se ei korvaa asuinhuoneistossa eik\u00e4 muualla kiinteist\u00f6n tiloissa.<\/p>\n<p>&nbsp;<\/p>\n<h5><strong>Talonkirjaote<\/strong><\/h5>\n<p>Talonkirjaote on todistus asumisesta. Talonkirjaotteen saa pyynn\u00f6st\u00e4 Wartalo Kodit Oy:n asiakaspalvelusta. Talonkirjaote on maksuton.<\/p>\n<p>&#8221; content_phone=&#8221;<\/p>\n<h5><strong>Vakuusmaksu<\/strong><\/h5>\n<p>Vakuusmaksu on kyseisen asunnon 1-3 kuukauden vuokran suuruinen, joka on oltava suoritettu ennen vuokrasopimuksen allekirjoittamista. Vakuusmaksu palautetaan n. 1 kuukauden kuluessa vuokrasopimuksen p\u00e4\u00e4ttymisen j\u00e4lkeen, mik\u00e4li asukkaan l\u00e4ht\u00f6tarkastuksessa asunnossa ei havaita mit\u00e4\u00e4n normaalista kulumisesta poikkeavaa ja asunto on j\u00e4tetty siistiin kuntoon.<\/p>\n<p>Palautettavasta vakuusmaksusta v\u00e4hennet\u00e4\u00e4n mahdolliset maksamattomat vuokrat, k\u00e4ytt\u00f6korvausmaksut sek\u00e4 asunnon siivous-, tyhjennys- ja korjauskulut my\u00f6s lukon sarjoituskulu v\u00e4hennet\u00e4\u00e4n vakuudesta (mik\u00e4li lukko joudutaan sarjoittamaan uudelleen puuttuvan\/puuttuvien avaimien johdosta). Vakuusmaksun ylitt\u00e4v\u00e4t kulut laskutetaan asukkaalta erikseen. Vakuusmaksulle ei makseta korkoa.<\/p>\n<p>&nbsp;<\/p>\n<h5><strong>Vuokrasopimus<\/strong><\/h5>\n<p>Vuokrasopimus voi olla toistaiseksi voimassa oleva tai m\u00e4\u00e4r\u00e4aikainen. Toistaiseksi voimassa oleva vuokrasopimus p\u00e4\u00e4ttyy irtisanomisen johdosta irtisanomisajan kuluttua. M\u00e4\u00e4r\u00e4aikainen vuokrasopimus p\u00e4\u00e4ttyy vuokrasopimuksen mukaisena p\u00e4\u00e4ttymisp\u00e4iv\u00e4n\u00e4 ilman irtisanomista.<\/p>\n<p>Vuokrasopimuksen allekirjoituksella sitoudutaan noudattamaan asuinhuoneiston vuokraukseen liittyvi\u00e4 lakeja, ehtoja, ohjeita ja j\u00e4rjestyss\u00e4\u00e4nt\u00f6j\u00e4.<\/p>\n<p>&nbsp;<\/p>\n<h5><strong>Vuokranmaksu<\/strong><\/h5>\n<p>Vuokranmaksup\u00e4iv\u00e4 on kunkin kuukauden 5. p\u00e4iv\u00e4. Vuokralainen ohjaa mahdollisen asumistuen Wartalo Kodit Oy:lle.<\/p>\n<p>Viiv\u00e4styneest\u00e4 maksusta asukkaalta perit\u00e4\u00e4n viiv\u00e4styskorkoa korkolain mukaan sek\u00e4 mahdolliset perint\u00e4kulut. Vuokranmaksuvaikeuksien sattuessa on asukkaan syyt\u00e4 k\u00e4\u00e4nty\u00e4 vuokraperint\u00e4\u00e4 hoitavan yhti\u00f6n puoleen maksusuunnitelman laatimiseksi.<\/p>\n<p>&nbsp;<\/p>\n<h5><strong>Asuntoon muutto<\/strong><\/h5>\n<p>Asuntoon muuttajien henkil\u00f6tiedot kirjautuvat vuokrasopimusta teht\u00e4ess\u00e4 talonkirjoille. Mik\u00e4li my\u00f6hemmin asunnon asukasm\u00e4\u00e4r\u00e4 muuttuu, uuden tai poismuuttaneen perheenj\u00e4senen tiedot tulee ilmoittaa Wartalo Kodit Oy:n asiakaspalveluun. N\u00e4in varmistetaan, ett\u00e4 talon asukastiedot ja talonkirjaotteen tiedot ovat ajan tasalla. Asunnon avaimet saa Wartalo Kodit Oy:n toimistolta osoitteesta Antinpuisto 8.<\/p>\n<p>Autopaikan ja saunavuoron voi varata Wartalo Kodit Oy:n toimistolta tai s\u00e4hk\u00f6isesti autopaikat <strong><a href=%22https:\/\/wartalo.fi\/autopaikat\/%22>t\u00e4st\u00e4 linkist\u00e4<\/a><\/strong> ja saunavuorot <a href=%22https:\/\/wartalo.fi\/saunavuorot\/%22><strong>t\u00e4st\u00e4 linkist\u00e4<\/strong><\/a>. Kiinteist\u00f6nhoitaja toimittaa autopaikan avaimet autopaikan varaamisen j\u00e4lkeen.<\/p>\n<p>&nbsp;<\/p>\n<h5><strong>Alkutarkastus<\/strong><\/h5>\n<p>Asunto on tarkastettu ennen uuden asukkaan muuttoa. Taloon muuttaessa asukkaan on my\u00f6s itse tarkastettava asunto ja ilmoitettava mahdollisista havaituista vioista tai puutteista mahdollisimman pian muuton j\u00e4lkeen soittamalla Wartalo Kodit Oy:n asiakaspalveluun, oman alueen kiinteist\u00f6nhoitajalle tai tekem\u00e4ll\u00e4 <a href=%22https:\/\/portaali.tampuuri.fi\/wartalokoditoy\/uusivikailmoitus%22><strong>s\u00e4hk\u00f6inen vikailmoitus<\/strong><\/a>.<\/p>\n<p>&nbsp;<\/p>\n<h5><strong>S\u00e4hk\u00f6sopimukset<\/strong><\/h5>\n<p>Asunnon s\u00e4hk\u00f6sopimus on asukkaan teht\u00e4v\u00e4 itse. S\u00e4hk\u00f6ntoimittajan voi asukas valita vapaasti. S\u00e4hk\u00f6sopimus t\u00e4ytyy tehd\u00e4 hyviss\u00e4 ajoin ennen muuttoa, sill\u00e4 vuokralainen vastaa s\u00e4hk\u00f6st\u00e4 vuokrasopimuksen voimassaoloajan.<\/p>\n<p>&nbsp;<\/p>\n<h5><strong>Vakuutukset<\/strong><\/h5>\n<p>Wartalo Kodit Oy:n kiinteist\u00f6vakuutus korvaa vain kiinteist\u00f6lle aiheutuneet vahingot. Asukkaan irtaimistolle aiheutuneita vahinkoja se ei korvaa asuinhuoneistossa eik\u00e4 muualla kiinteist\u00f6n tiloissa.<\/p>\n<p>Suosittelemme asukkaita ottamaan kotivakuutuksen oman irtaimistonsa turvaksi. Kotivakuutukseen on j\u00e4rkev\u00e4\u00e4 liitt\u00e4\u00e4 my\u00f6s vastuuvakuutus, joka korvaa asukkaan itse aiheuttamia vahinkoja. Asukkaan irtaimistolle aiheutuneita vahinkoja se ei korvaa asuinhuoneistossa eik\u00e4 muualla kiinteist\u00f6n tiloissa.<\/p>\n<p>&nbsp;<\/p>\n<h5><strong>Talonkirjaote<\/strong><\/h5>\n<p>Talonkirjaote on todistus asumisesta. Talonkirjaotteen saa pyynn\u00f6st\u00e4 Wartalo Kodit Oy:n asiakaspalvelusta. Talonkirjaote on maksuton.<\/p>\n<p>&#8221;]<\/p>\n<h5><strong>Vakuusmaksu<\/strong><\/h5>\n<p>Vakuusmaksu on kyseisen asunnon 1-3 kuukauden vuokran suuruinen, joka on oltava suoritettu ennen vuokrasopimuksen allekirjoittamista. Vakuusmaksu palautetaan n. 1 kuukauden kuluessa vuokrasopimuksen p\u00e4\u00e4ttymisen j\u00e4lkeen, mik\u00e4li asukkaan l\u00e4ht\u00f6tarkastuksessa asunnossa ei havaita mit\u00e4\u00e4n normaalista kulumisesta poikkeavaa ja asunto on j\u00e4tetty siistiin kuntoon.<\/p>\n<p>Palautettavasta vakuusmaksusta v\u00e4hennet\u00e4\u00e4n mahdolliset maksamattomat vuokrat, k\u00e4ytt\u00f6korvausmaksut sek\u00e4 asunnon siivous-, tyhjennys- ja korjauskulut my\u00f6s lukon sarjoituskulu v\u00e4hennet\u00e4\u00e4n vakuudesta (mik\u00e4li lukko joudutaan sarjoittamaan uudelleen puuttuvan\/puuttuvien avaimien johdosta). Vakuusmaksun ylitt\u00e4v\u00e4t kulut laskutetaan asukkaalta erikseen. Vakuusmaksulle ei makseta korkoa.<\/p>\n<p>&nbsp;<\/p>\n<h5><strong>Vuokrasopimus<\/strong><\/h5>\n<p>Vuokrasopimus voi olla toistaiseksi voimassa oleva tai m\u00e4\u00e4r\u00e4aikainen. Toistaiseksi voimassa oleva vuokrasopimus p\u00e4\u00e4ttyy irtisanomisen johdosta irtisanomisajan kuluttua. M\u00e4\u00e4r\u00e4aikainen vuokrasopimus p\u00e4\u00e4ttyy vuokrasopimuksen mukaisena p\u00e4\u00e4ttymisp\u00e4iv\u00e4n\u00e4 ilman irtisanomista.<\/p>\n<p>Vuokrasopimuksen allekirjoituksella sitoudutaan noudattamaan asuinhuoneiston vuokraukseen liittyvi\u00e4 lakeja, ehtoja, ohjeita ja j\u00e4rjestyss\u00e4\u00e4nt\u00f6j\u00e4.<\/p>\n<p>&nbsp;<\/p>\n<h5><strong>Vuokranmaksu<\/strong><\/h5>\n<p>Vuokranmaksup\u00e4iv\u00e4 on kunkin kuukauden 5. p\u00e4iv\u00e4. Vuokralainen ohjaa mahdollisen asumistuen Wartalo Kodit Oy:lle.<\/p>\n<p>Viiv\u00e4styneest\u00e4 maksusta asukkaalta perit\u00e4\u00e4n viiv\u00e4styskorkoa korkolain mukaan sek\u00e4 mahdolliset perint\u00e4kulut. Vuokranmaksuvaikeuksien sattuessa on asukkaan syyt\u00e4 k\u00e4\u00e4nty\u00e4 vuokraperint\u00e4\u00e4 hoitavan yhti\u00f6n puoleen maksusuunnitelman laatimiseksi.<\/p>\n<p>&nbsp;<\/p>\n<h5><strong>Asuntoon muutto<\/strong><\/h5>\n<p>Asuntoon muuttajien henkil\u00f6tiedot kirjautuvat vuokrasopimusta teht\u00e4ess\u00e4 talonkirjoille. Mik\u00e4li my\u00f6hemmin asunnon asukasm\u00e4\u00e4r\u00e4 muuttuu, uuden tai poismuuttaneen perheenj\u00e4senen tiedot tulee ilmoittaa Wartalo Kodit Oy:n asiakaspalveluun. N\u00e4in varmistetaan, ett\u00e4 talon asukastiedot ja talonkirjaotteen tiedot ovat ajan tasalla. Asunnon avaimet saa Wartalo Kodit Oy:n toimistolta osoitteesta Antinpuisto 8.<\/p>\n<p>Autopaikan ja saunavuoron voi varata Wartalo Kodit Oy:n toimistolta tai s\u00e4hk\u00f6isesti autopaikat <strong><a href=\"https:\/\/wartalo.fi\/autopaikat\/\">t\u00e4st\u00e4 linkist\u00e4<\/a><\/strong> ja saunavuorot <a href=\"https:\/\/wartalo.fi\/saunavuorot\/\"><strong>t\u00e4st\u00e4 linkist\u00e4<\/strong><\/a>. Kiinteist\u00f6nhoitaja toimittaa autopaikan avaimet autopaikan varaamisen j\u00e4lkeen.<\/p>\n<p>&nbsp;<\/p>\n<h5><strong>Alkutarkastus<\/strong><\/h5>\n<p>Asunto on tarkastettu ennen uuden asukkaan muuttoa. Taloon muuttaessa asukkaan on my\u00f6s itse tarkastettava asunto ja ilmoitettava mahdollisista havaituista vioista tai puutteista mahdollisimman pian muuton j\u00e4lkeen soittamalla Wartalo Kodit Oy:n asiakaspalveluun, oman alueen kiinteist\u00f6nhoitajalle tai tekem\u00e4ll\u00e4 <a href=\"https:\/\/portaali.tampuuri.fi\/wartalokoditoy\/uusivikailmoitus\"><strong>s\u00e4hk\u00f6inen vikailmoitus<\/strong><\/a>.<\/p>\n<p>&nbsp;<\/p>\n<h5><strong>S\u00e4hk\u00f6sopimukset<\/strong><\/h5>\n<p>Asunnon s\u00e4hk\u00f6sopimus on asukkaan teht\u00e4v\u00e4 itse. S\u00e4hk\u00f6ntoimittajan voi asukas valita vapaasti. S\u00e4hk\u00f6sopimus t\u00e4ytyy tehd\u00e4 hyviss\u00e4 ajoin ennen muuttoa, sill\u00e4 vuokralainen vastaa s\u00e4hk\u00f6st\u00e4 vuokrasopimuksen voimassaoloajan.<\/p>\n<p>&nbsp;<\/p>\n<h5><strong>Vakuutukset<\/strong><\/h5>\n<p>Wartalo Kodit Oy:n kiinteist\u00f6vakuutus korvaa vain kiinteist\u00f6lle aiheutuneet vahingot. Asukkaan irtaimistolle aiheutuneita vahinkoja se ei korvaa asuinhuoneistossa eik\u00e4 muualla kiinteist\u00f6n tiloissa.<\/p>\n<p>Suosittelemme asukkaita ottamaan kotivakuutuksen oman irtaimistonsa turvaksi. Kotivakuutukseen on j\u00e4rkev\u00e4\u00e4 liitt\u00e4\u00e4 my\u00f6s vastuuvakuutus, joka korvaa asukkaan itse aiheuttamia vahinkoja. Asukkaan irtaimistolle aiheutuneita vahinkoja se ei korvaa asuinhuoneistossa eik\u00e4 muualla kiinteist\u00f6n tiloissa.<\/p>\n<p>&nbsp;<\/p>\n<h5><strong>Talonkirjaote<\/strong><\/h5>\n<p>Talonkirjaote on todistus asumisesta. Talonkirjaotteen saa pyynn\u00f6st\u00e4 Wartalo Kodit Oy:n asiakaspalvelusta. Talonkirjaote on maksuton.<\/p>\n<p>[\/et_pb_text][\/et_pb_column][et_pb_column type=&#8221;2_5&#8243; _builder_version=&#8221;4.18.0&#8243; _module_preset=&#8221;default&#8221; global_colors_info=&#8221;{}&#8221;][et_pb_image src=&#8221;https:\/\/wartalo.fi\/wp-content\/uploads\/2023\/09\/MicrosoftTeams-image-3-scaled.jpg&#8221; title_text=&#8221;Cropped image of woman using laptop with blank screen&#8221; _builder_version=&#8221;4.22.1&#8243; _module_preset=&#8221;default&#8221; background_size=&#8221;stretch&#8221; transform_scale=&#8221;115%|115%&#8221; border_width_all=&#8221;2px&#8221; border_width_left=&#8221;2px&#8221; global_colors_info=&#8221;{}&#8221;][\/et_pb_image][\/et_pb_column][\/et_pb_row][\/et_pb_section][et_pb_section fb_built=&#8221;1&#8243; _builder_version=&#8221;4.21.0&#8243; _module_preset=&#8221;default&#8221; background_image=&#8221;https:\/\/wartalo.fi\/wp-content\/uploads\/2023\/03\/lukkobg_1.jpg&#8221; background_size=&#8221;custom&#8221; background_image_width=&#8221;27%&#8221; background_image_height=&#8221;27%&#8221; background_position=&#8221;bottom_left&#8221; global_colors_info=&#8221;{}&#8221;][\/et_pb_section]<\/p>\n","protected":false},"excerpt":{"rendered":"<p>Vuokrasopimus ja asuntoon muuttoVakuusmaksu Vakuusmaksu on kyseisen asunnon 1-3 kuukauden vuokran suuruinen, joka on oltava suoritettu ennen vuokrasopimuksen allekirjoittamista. Vakuusmaksu palautetaan n. 1 kuukauden kuluessa vuokrasopimuksen p\u00e4\u00e4ttymisen j\u00e4lkeen, mik\u00e4li asukkaan l\u00e4ht\u00f6tarkastuksessa asunnossa ei havaita mit\u00e4\u00e4n normaalista kulumisesta poikkeavaa ja asunto on j\u00e4tetty siistiin kuntoon. Palautettavasta vakuusmaksusta v\u00e4hennet\u00e4\u00e4n mahdolliset maksamattomat vuokrat, k\u00e4ytt\u00f6korvausmaksut sek\u00e4 asunnon siivous-, tyhjennys- [&hellip;]<\/p>\n","protected":false},"author":2,"featured_media":0,"parent":0,"menu_order":0,"comment_status":"closed","ping_status":"closed","template":"","meta":{"_et_pb_use_builder":"on","_et_pb_old_content":"","_et_gb_content_width":"","footnotes":""},"class_list":["post-322","page","type-page","status-publish","hentry"],"_links":{"self":[{"href":"https:\/\/wartalo.fi\/en\/wp-json\/wp\/v2\/pages\/322","targetHints":{"allow":["GET"]}}],"collection":[{"href":"https:\/\/wartalo.fi\/en\/wp-json\/wp\/v2\/pages"}],"about":[{"href":"https:\/\/wartalo.fi\/en\/wp-json\/wp\/v2\/types\/page"}],"author":[{"embeddable":true,"href":"https:\/\/wartalo.fi\/en\/wp-json\/wp\/v2\/users\/2"}],"replies":[{"embeddable":true,"href":"https:\/\/wartalo.fi\/en\/wp-json\/wp\/v2\/comments?post=322"}],"version-history":[{"count":9,"href":"https:\/\/wartalo.fi\/en\/wp-json\/wp\/v2\/pages\/322\/revisions"}],"predecessor-version":[{"id":638,"href":"https:\/\/wartalo.fi\/en\/wp-json\/wp\/v2\/pages\/322\/revisions\/638"}],"wp:attachment":[{"href":"https:\/\/wartalo.fi\/en\/wp-json\/wp\/v2\/media?parent=322"}],"curies":[{"name":"wp","href":"https:\/\/api.w.org\/{rel}","templated":true}]}}