{"id":358,"date":"2023-04-06T13:28:02","date_gmt":"2023-04-06T10:28:02","guid":{"rendered":"https:\/\/proxima.nordname.net\/~wartalo\/?page_id=358"},"modified":"2024-01-16T13:55:00","modified_gmt":"2024-01-16T11:55:00","slug":"yritys","status":"publish","type":"page","link":"https:\/\/wartalo.fi\/en\/yritys\/","title":{"rendered":"About us"},"content":{"rendered":"<p>[et_pb_section fb_built=&#8221;1&#8243; _builder_version=&#8221;4.20.4&#8243; _module_preset=&#8221;default&#8221; global_colors_info=&#8221;{}&#8221;][et_pb_row column_structure=&#8221;1_2,1_2&#8243; _builder_version=&#8221;4.20.4&#8243; _module_preset=&#8221;default&#8221; global_colors_info=&#8221;{}&#8221;][et_pb_column type=&#8221;1_2&#8243; _builder_version=&#8221;4.20.4&#8243; _module_preset=&#8221;default&#8221; global_colors_info=&#8221;{}&#8221;][et_pb_text _builder_version=&#8221;4.21.0&#8243; _module_preset=&#8221;default&#8221; global_colors_info=&#8221;{}&#8221;]<\/p>\n<h1 style=\"text-align: center;\">Yritys<\/h1>\n<p>[\/et_pb_text][et_pb_text _builder_version=&#8221;4.23.4&#8243; _module_preset=&#8221;default&#8221; text_font_size=&#8221;20px&#8221; hover_enabled=&#8221;0&#8243; global_colors_info=&#8221;{}&#8221; sticky_enabled=&#8221;0&#8243;]<\/p>\n<p>Wartalo Kodit Oy on vuonna 1986 perustettu Varkauden kaupungin omistama vuokrataloyhti\u00f6. Kiinteist\u00f6kanta muodostuu eri puolella kaupunkia, palvelujen l\u00e4hell\u00e4 olevista kerros-, luhti- ja rivitaloista, joissa on yhteens\u00e4 noin 1250 vuokra-asuntoa. Toiminta-ajatuksenamme on tarjota koteja ja asumispalveluja sek\u00e4 turvallista asumista jokaiseen el\u00e4m\u00e4nvaiheeseen.<\/p>\n<p><strong><\/strong>Wartalo Kodit Oy:n asuntokanta mahdollistaa erimuotoista asumista el\u00e4m\u00e4ntilanteen ja tarpeiden mukaan kerrostaloasunnoista rivitaloasuntoihin, saunalla tai ilman, yksi\u00f6ist\u00e4 aina suurempiin huoneistoihin. Kaupungin omistamana yhti\u00f6n\u00e4 voimme tarjota asukkaillemme turvatun ja kohtuuhintaisen asunnon koko asumisen elinkaaren ajaksi.<\/p>\n<p><strong><\/strong>Tuotamme itse is\u00e4nn\u00f6innin, kiinteist\u00f6nhoidon, siivouksen, kunnossapidon sek\u00e4 asiakaspalvelun. Wartalo Kodit Oy:n 22 oman alansa osaajaa huolehtii asioinnin sujumisesta asuntohakemuksen j\u00e4tt\u00e4misest\u00e4 asumisen p\u00e4\u00e4ttymiseen.<\/p>\n<p>Asuntojen ja kiinteist\u00f6jen kunnosta pidet\u00e4\u00e4n hyv\u00e4\u00e4 huolta ja asunnot tarkastetaan asukkaan vaihtuessa ja m\u00e4\u00e4r\u00e4ajoin sek\u00e4 kunnostetaan tarpeen mukaan. Asuntojen kunnostuksen ohella yhti\u00f6 on viime vuosina panostanut voimakkaasti kiinteist\u00f6jen energians\u00e4\u00e4st\u00f6- ja muuhun korjaustoimintaan energiakustannusten nousun minimoimiseksi ja asumisviihtyvyyden parantamiseksi.<\/p>\n<p>&nbsp;<\/p>\n<p>[\/et_pb_text][\/et_pb_column][et_pb_column type=&#8221;1_2&#8243; _builder_version=&#8221;4.20.4&#8243; _module_preset=&#8221;default&#8221; global_colors_info=&#8221;{}&#8221;][et_pb_image src=&#8221;https:\/\/wartalo.fi\/wp-content\/uploads\/2023\/04\/Varkaus-K45_iso-scaled.jpg&#8221; title_text=&#8221;Varkaus-K45_iso&#8221; _builder_version=&#8221;4.20.4&#8243; _module_preset=&#8221;default&#8221; global_colors_info=&#8221;{}&#8221;][\/et_pb_image][et_pb_text _builder_version=&#8221;4.21.0&#8243; _module_preset=&#8221;default&#8221; text_font_size=&#8221;20px&#8221; global_colors_info=&#8221;{}&#8221;]<\/p>\n<p>Kuvassa oleva Varkauden vesitorni on yksi Wartalo Kodit Oy:n omistamista kiinteist\u00f6ist\u00e4. Talon keskeinen sijainti palveluiden l\u00e4heisyydess\u00e4 tarjoaa loistavat puitteet asumiselle.<\/p>\n<p>[\/et_pb_text][\/et_pb_column][\/et_pb_row][\/et_pb_section][et_pb_section fb_built=&#8221;1&#8243; _builder_version=&#8221;4.20.4&#8243; _module_preset=&#8221;default&#8221; global_colors_info=&#8221;{}&#8221;][et_pb_row column_structure=&#8221;3_5,2_5&#8243; _builder_version=&#8221;4.20.4&#8243; _module_preset=&#8221;default&#8221; global_colors_info=&#8221;{}&#8221;][et_pb_column type=&#8221;3_5&#8243; _builder_version=&#8221;4.20.4&#8243; _module_preset=&#8221;default&#8221; global_colors_info=&#8221;{}&#8221;][\/et_pb_column][et_pb_column type=&#8221;2_5&#8243; _builder_version=&#8221;4.20.4&#8243; _module_preset=&#8221;default&#8221; global_colors_info=&#8221;{}&#8221;][\/et_pb_column][\/et_pb_row][\/et_pb_section]<\/p>\n","protected":false},"excerpt":{"rendered":"<p>YritysWartalo Kodit Oy on vuonna 1986 perustettu Varkauden kaupungin omistama vuokrataloyhti\u00f6. Kiinteist\u00f6kanta muodostuu eri puolella kaupunkia, palvelujen l\u00e4hell\u00e4 olevista kerros-, luhti- ja rivitaloista, joissa on yhteens\u00e4 noin 1250 vuokra-asuntoa. Toiminta-ajatuksenamme on tarjota koteja ja asumispalveluja sek\u00e4 turvallista asumista jokaiseen el\u00e4m\u00e4nvaiheeseen. Wartalo Kodit Oy:n asuntokanta mahdollistaa erimuotoista asumista el\u00e4m\u00e4ntilanteen ja tarpeiden mukaan kerrostaloasunnoista rivitaloasuntoihin, saunalla tai [&hellip;]<\/p>\n","protected":false},"author":1,"featured_media":0,"parent":0,"menu_order":0,"comment_status":"closed","ping_status":"closed","template":"","meta":{"_et_pb_use_builder":"on","_et_pb_old_content":"","_et_gb_content_width":"","footnotes":""},"class_list":["post-358","page","type-page","status-publish","hentry"],"_links":{"self":[{"href":"https:\/\/wartalo.fi\/en\/wp-json\/wp\/v2\/pages\/358","targetHints":{"allow":["GET"]}}],"collection":[{"href":"https:\/\/wartalo.fi\/en\/wp-json\/wp\/v2\/pages"}],"about":[{"href":"https:\/\/wartalo.fi\/en\/wp-json\/wp\/v2\/types\/page"}],"author":[{"embeddable":true,"href":"https:\/\/wartalo.fi\/en\/wp-json\/wp\/v2\/users\/1"}],"replies":[{"embeddable":true,"href":"https:\/\/wartalo.fi\/en\/wp-json\/wp\/v2\/comments?post=358"}],"version-history":[{"count":9,"href":"https:\/\/wartalo.fi\/en\/wp-json\/wp\/v2\/pages\/358\/revisions"}],"predecessor-version":[{"id":644,"href":"https:\/\/wartalo.fi\/en\/wp-json\/wp\/v2\/pages\/358\/revisions\/644"}],"wp:attachment":[{"href":"https:\/\/wartalo.fi\/en\/wp-json\/wp\/v2\/media?parent=358"}],"curies":[{"name":"wp","href":"https:\/\/api.w.org\/{rel}","templated":true}]}}