{"id":668,"date":"2024-03-20T11:03:20","date_gmt":"2024-03-20T09:03:20","guid":{"rendered":"https:\/\/wartalo.fi\/?page_id=668"},"modified":"2025-08-14T11:03:03","modified_gmt":"2025-08-14T08:03:03","slug":"senioriasuminen","status":"publish","type":"page","link":"https:\/\/wartalo.fi\/en\/senioriasuminen\/","title":{"rendered":"Senior housing"},"content":{"rendered":"<p>[et_pb_section fb_built=&#8221;1&#8243; admin_label=&#8221;section&#8221; _builder_version=&#8221;4.16&#8243; global_colors_info=&#8221;{}&#8221;][et_pb_row _builder_version=&#8221;4.24.2&#8243; _module_preset=&#8221;default&#8221; global_colors_info=&#8221;{}&#8221;][et_pb_column type=&#8221;4_4&#8243; _builder_version=&#8221;4.24.2&#8243; _module_preset=&#8221;default&#8221; global_colors_info=&#8221;{}&#8221;][et_pb_heading title=&#8221;Senioriasuminen Wartalo Kodeilla&#8221; _builder_version=&#8221;4.24.2&#8243; _module_preset=&#8221;default&#8221; global_colors_info=&#8221;{}&#8221;][\/et_pb_heading][et_pb_text _builder_version=&#8221;4.27.4&#8243; _module_preset=&#8221;default&#8221; text_font_size=&#8221;18px&#8221; global_colors_info=&#8221;{}&#8221;]<\/p>\n<p>Wartalo Kodit tarjoaa erityisesti senioreiden tarpeisiin soveltuvaa vuokra-asumista kolmessa eri kohteessa. Talot sijaitsevat osoitteissa Laivalinnankatu 9-11, Linjurikatu 9 sek\u00e4 Louhitie 3.<\/p>\n<p>Wartalo Kotien senioritalot ovat Varken (Valtion tukeman asuntorakentamisen keskus ent. Ara) avustamia kohteita. Asukasvalinnoissa noudatamme Varken ohjeistuksia.<\/p>\n<p>[\/et_pb_text][\/et_pb_column][\/et_pb_row][et_pb_row column_structure=&#8221;1_2,1_2&#8243; _builder_version=&#8221;4.24.2&#8243; _module_preset=&#8221;default&#8221; global_colors_info=&#8221;{}&#8221;][et_pb_column type=&#8221;1_2&#8243; _builder_version=&#8221;4.24.2&#8243; _module_preset=&#8221;default&#8221; global_colors_info=&#8221;{}&#8221;][et_pb_text _builder_version=&#8221;4.27.4&#8243; _module_preset=&#8221;default&#8221; text_font_size=&#8221;18px&#8221; global_colors_info=&#8221;{}&#8221;]<\/p>\n<h3><strong>Laivalinnankatu 9-11<\/strong><\/h3>\n<p>Laivalinnankatu 9-11 senioritalo on vuonna 2015 valmistunut kerrostalo Leunanm\u00e4en kaupunginosassa keskell\u00e4 Varkauden liikekeskustaa. Keskeisen sijaintinsa vuoksi palvelut ovat helposti asukkaiden saavutettavissa. Laivalinnankatu 9-11 senioritaloon valitaan asukkaiksi yli 60-vuotiaita.<\/p>\n<p>Laivalinnankadun senioritalossa on 46 asuntoa, joista yksi\u00f6it\u00e4 on 10, kaksioita 33 ja kolmioita 3. Neli\u00f6m\u00e4\u00e4rilt\u00e4\u00e4n yksi\u00f6t ovat 30-33 m\u00b2, kaksiot 39,5-58 m\u00b2 ja kolmiot 61,5 m\u00b2. Kaikissa asunnoissa on parvekkeet.<\/p>\n<p>Talossa on kerhohuone, pyykkien kuivaushuone, saunatilat, asuntokohtaiset varastot sek\u00e4 ulkoiluv\u00e4linevarasto. T\u00e4m\u00e4 senioritalo on t\u00e4ysin savuton.<\/p>\n<p>[\/et_pb_text][et_pb_text _builder_version=&#8221;4.27.4&#8243; _module_preset=&#8221;default&#8221; text_font_size=&#8221;18px&#8221; global_colors_info=&#8221;{}&#8221;]<\/p>\n<h3><strong>Linjurikatu 9<\/strong><\/h3>\n<p>Linjurikatu 9 senioritalo on kes\u00e4kuussa 2025 valmistunut kerrostalo Kuoppakankaan kaupunginosassa Varkauden liikekeskustan l\u00e4heisyydess\u00e4. Talon suunnittelu- ja rakentamisvaiheessa huomiota on kiinnitetty erityisesti esteett\u00f6myyteen. Linjurikatu 9 senioritaloon valitaan asukkaiksi yli 60-vuotiaita.<\/p>\n<p>Talossa on 29 asuntoa, joista yksi\u00f6it\u00e4 on 10, pieni\u00e4 kaksioita 9 sek\u00e4 isompia kaksioita 10. Yksi\u00f6t ovat kooltaan 31,5 m\u00b2, pienet kaksiot 32 m\u00b2 sek\u00e4 isommat kaksiot 44 m\u00b2. Asunnot sijaitsevat 2.-6. kerroksissa. Kaikissa asunnoissa on suuret lasitetut parvekkeet. Keitti\u00f6n varusteluun kuuluvat j\u00e4\u00e4kaappi\/pakastin, liesi sek\u00e4 astianpesukone. Kylpyhuoneissa on liit\u00e4nt\u00e4 pyykinpesukoneelle.<\/p>\n<p>Talossa on asukkaille yhteistila, pesutupa, saunatilat, asuntokohtaiset h\u00e4kkivarastot sek\u00e4 apuv\u00e4line\/ulkoiluv\u00e4linevarasto. Ulkona asukkaiden k\u00e4ytett\u00e4viss\u00e4 on terassialue, grillikatos sek\u00e4 ulkoliikuntav\u00e4lineit\u00e4. Kiinteist\u00f6n alueella on erillinen polkupy\u00f6r\u00e4katos. Kiinteist\u00f6 on savuton.<\/p>\n<p>[\/et_pb_text][\/et_pb_column][et_pb_column type=&#8221;1_2&#8243; _builder_version=&#8221;4.24.2&#8243; _module_preset=&#8221;default&#8221; global_colors_info=&#8221;{}&#8221;][et_pb_image src=&#8221;https:\/\/wartalo.fi\/wp-content\/uploads\/2024\/03\/292_1.jpg&#8221; alt=&#8221;Kuva senioritalosta&#8221; title_text=&#8221;292_1&#8243; _builder_version=&#8221;4.27.4&#8243; _module_preset=&#8221;default&#8221; custom_margin=&#8221;25px||||false|false&#8221; hover_enabled=&#8221;0&#8243; global_colors_info=&#8221;{}&#8221; sticky_enabled=&#8221;0&#8243;][\/et_pb_image][et_pb_image src=&#8221;https:\/\/wartalo.fi\/wp-content\/uploads\/2025\/08\/230630_Wartalo_Senioritalo_maantaso_kesa_c102_nelio_r002_sRGB.jpg&#8221; title_text=&#8221;\u00a9 Tietoa Finland Oy&#8221; _builder_version=&#8221;4.27.4&#8243; _module_preset=&#8221;default&#8221; hover_enabled=&#8221;0&#8243; global_colors_info=&#8221;{}&#8221; custom_margin=&#8221;65px||||false|false&#8221; sticky_enabled=&#8221;0&#8243;][\/et_pb_image][\/et_pb_column][\/et_pb_row][et_pb_row column_structure=&#8221;1_2,1_2&#8243; _builder_version=&#8221;4.24.2&#8243; _module_preset=&#8221;default&#8221; global_colors_info=&#8221;{}&#8221;][et_pb_column type=&#8221;1_2&#8243; _builder_version=&#8221;4.24.2&#8243; _module_preset=&#8221;default&#8221; global_colors_info=&#8221;{}&#8221;][et_pb_text _builder_version=&#8221;4.27.4&#8243; _module_preset=&#8221;default&#8221; text_font_size=&#8221;18px&#8221; global_colors_info=&#8221;{}&#8221;]<\/p>\n<h3><strong>Louhitie 3 senioritalo<\/strong><\/h3>\n<p>Louhitie 3 senioritalo on vuonna 2009 valmistunut kerrostalo, joka sijaitsee K\u00e4pykankaan kaupunginosassa mets\u00e4isell\u00e4 kaupunkipuistoalueella hyvien kes\u00e4- ja talviulkoilumahdollisuuksien ymp\u00e4r\u00f6im\u00e4n\u00e4. Louhitie 3 senioritalon ik\u00e4raja on 55 vuotta.<\/p>\n<p>Talossa on 31 asuntoa, joista yksi\u00f6it\u00e4 on 19 ja kaksioita 12. Yksi\u00f6iden koot ovat 34,5-37 m\u00b2 ja kaksioiden 45,5-55 m\u00b2. Kaikissa asunnoissa on parvekkeet.<\/p>\n<p>Talossa on kerhohuone, pyykkitupa ja kuivaushuone, saunatilat, asuntokohtaiset varastot sek\u00e4 ulkoiluv\u00e4linevarasto.<\/p>\n<p>Talossa toimii aktiivinen asukastoimikunta, joka j\u00e4rjest\u00e4\u00e4 viikoittain toimintaa talon asukkaille.<\/p>\n<p>[\/et_pb_text][\/et_pb_column][et_pb_column type=&#8221;1_2&#8243; _builder_version=&#8221;4.24.2&#8243; _module_preset=&#8221;default&#8221; global_colors_info=&#8221;{}&#8221;][et_pb_image src=&#8221;https:\/\/wartalo.fi\/wp-content\/uploads\/2024\/03\/013_3.jpg&#8221; alt=&#8221;Kuva senioritalosta talvella&#8221; title_text=&#8221;013_3&#8243; _builder_version=&#8221;4.27.4&#8243; _module_preset=&#8221;default&#8221; custom_margin=&#8221;20px||||false|false&#8221; global_colors_info=&#8221;{}&#8221;][\/et_pb_image][\/et_pb_column][\/et_pb_row][et_pb_row _builder_version=&#8221;4.24.2&#8243; _module_preset=&#8221;default&#8221; global_colors_info=&#8221;{}&#8221;][et_pb_column type=&#8221;4_4&#8243; _builder_version=&#8221;4.24.2&#8243; _module_preset=&#8221;default&#8221; global_colors_info=&#8221;{}&#8221;][et_pb_text _builder_version=&#8221;4.27.4&#8243; _module_preset=&#8221;default&#8221; text_font_size=&#8221;18px&#8221; global_colors_info=&#8221;{}&#8221;]<\/p>\n<p>Mik\u00e4li olet kiinnostunut asumisesta senioritaloissamme, ota yhteytt\u00e4 asiakaspalveluumme puhelimitse 010 421 5712 tai s\u00e4hk\u00f6postitse asiakaspalvelu@wartalo.fi. Voit my\u00f6s t\u00e4ytt\u00e4\u00e4 asuntohakemuksen nettisivujemme kautta. T\u00e4yt\u00e4 asuntohakemus <a href=\"https:\/\/hakemus.tampuuri.fi\/wartalokodit\/\">t\u00e4st\u00e4<\/a>.<\/p>\n<p>[\/et_pb_text][\/et_pb_column][\/et_pb_row][\/et_pb_section]<\/p>\n","protected":false},"excerpt":{"rendered":"<p>Wartalo Kodit tarjoaa erityisesti senioreiden tarpeisiin soveltuvaa vuokra-asumista kolmessa eri kohteessa. Talot sijaitsevat osoitteissa Laivalinnankatu 9-11, Linjurikatu 9 sek\u00e4 Louhitie 3. Wartalo Kotien senioritalot ovat Varken (Valtion tukeman asuntorakentamisen keskus ent. Ara) avustamia kohteita. Asukasvalinnoissa noudatamme Varken ohjeistuksia.Laivalinnankatu 9-11 Laivalinnankatu 9-11 senioritalo on vuonna 2015 valmistunut kerrostalo Leunanm\u00e4en kaupunginosassa keskell\u00e4 Varkauden liikekeskustaa. Keskeisen sijaintinsa vuoksi [&hellip;]<\/p>\n","protected":false},"author":2,"featured_media":0,"parent":0,"menu_order":0,"comment_status":"closed","ping_status":"closed","template":"","meta":{"_et_pb_use_builder":"on","_et_pb_old_content":"","_et_gb_content_width":"","footnotes":""},"class_list":["post-668","page","type-page","status-publish","hentry"],"_links":{"self":[{"href":"https:\/\/wartalo.fi\/en\/wp-json\/wp\/v2\/pages\/668","targetHints":{"allow":["GET"]}}],"collection":[{"href":"https:\/\/wartalo.fi\/en\/wp-json\/wp\/v2\/pages"}],"about":[{"href":"https:\/\/wartalo.fi\/en\/wp-json\/wp\/v2\/types\/page"}],"author":[{"embeddable":true,"href":"https:\/\/wartalo.fi\/en\/wp-json\/wp\/v2\/users\/2"}],"replies":[{"embeddable":true,"href":"https:\/\/wartalo.fi\/en\/wp-json\/wp\/v2\/comments?post=668"}],"version-history":[{"count":31,"href":"https:\/\/wartalo.fi\/en\/wp-json\/wp\/v2\/pages\/668\/revisions"}],"predecessor-version":[{"id":1038,"href":"https:\/\/wartalo.fi\/en\/wp-json\/wp\/v2\/pages\/668\/revisions\/1038"}],"wp:attachment":[{"href":"https:\/\/wartalo.fi\/en\/wp-json\/wp\/v2\/media?parent=668"}],"curies":[{"name":"wp","href":"https:\/\/api.w.org\/{rel}","templated":true}]}}