{"id":742,"date":"2024-06-11T13:00:46","date_gmt":"2024-06-11T10:00:46","guid":{"rendered":"https:\/\/wartalo.fi\/?page_id=742"},"modified":"2025-01-09T14:25:37","modified_gmt":"2025-01-09T12:25:37","slug":"opiskelijat","status":"publish","type":"page","link":"https:\/\/wartalo.fi\/en\/opiskelijat\/","title":{"rendered":"Students"},"content":{"rendered":"<p>[et_pb_section fb_built=&#8221;1&#8243; admin_label=&#8221;section&#8221; _builder_version=&#8221;4.16&#8243; global_colors_info=&#8221;{}&#8221;][et_pb_row column_structure=&#8221;3_5,2_5&#8243; admin_label=&#8221;row&#8221; _builder_version=&#8221;4.16&#8243; background_size=&#8221;initial&#8221; background_position=&#8221;top_left&#8221; background_repeat=&#8221;repeat&#8221; global_colors_info=&#8221;{}&#8221;][et_pb_column type=&#8221;3_5&#8243; _builder_version=&#8221;4.16&#8243; custom_padding=&#8221;|||&#8221; global_colors_info=&#8221;{}&#8221; custom_padding__hover=&#8221;|||&#8221;][et_pb_text admin_label=&#8221;Text&#8221; _builder_version=&#8221;4.27.4&#8243; text_font_size=&#8221;18px&#8221; background_size=&#8221;initial&#8221; background_position=&#8221;top_left&#8221; background_repeat=&#8221;repeat&#8221; hover_enabled=&#8221;0&#8243; global_colors_info=&#8221;{}&#8221; sticky_enabled=&#8221;0&#8243;]<\/p>\n<h1>Asunnot opiskelijoille<\/h1>\n<p>&nbsp;<\/p>\n<p>Wartalo Kodit tarjoaa pieni\u00e4 yksi\u00f6it\u00e4 ja kaksioita opiskelijoiden tarpeisiin. Tilanteen mukaan Wartalo Kodeilla on tarjota muutamia soluasuntoja osoitteessa Lemmikinkatu 1.<\/p>\n<p><strong>Yksi\u00f6t ja kaksiot<\/strong><br \/>Vuokrasopimukseen kuuluu vesimaksu, l\u00e4mmitys sek\u00e4 internet-yhteys. Asukkaan tulee tehd\u00e4 oma s\u00e4hk\u00f6sopimus valitsemansa s\u00e4hk\u00f6yhti\u00f6n kanssa.<\/p>\n<p><strong>Soluasunto<\/strong><br \/>Vuokrasopimukseen kuuluu vesimaksu, l\u00e4mmitys sek\u00e4 internet-yhteys. Lis\u00e4ksi vuokrasopimukseen kuuluu s\u00e4hk\u00f6, joka maksaa 15 \u20ac\/kk. Soluasunnossa asukkaalla on k\u00e4yt\u00f6ss\u00e4\u00e4n oma huone. Keitti\u00f6 ja wc\/suihkutilat ovat yhteisk\u00e4ytt\u00f6isi\u00e4.<\/p>\n<p><strong>Kalustus<\/strong><br \/>Kansainv\u00e4lisille opiskelijoille voidaan sen hetkisen tarjonnan mukaan tarjota asunto kalustettuna, jolloin opiskelija saa kalusteet k\u00e4ytt\u00f6\u00f6ns\u00e4 asumisen ajaksi. Kalustetussa asunnossa on p\u00f6yt\u00e4, tuoli, kaappi, yhden hengen s\u00e4nky patjalla (80 x 200 cm) sek\u00e4 peitto ja tyyny. Mik\u00e4li tarvitset asunnon kalustettuna, mainitse asiasta hakuprosessin aikana, hyviss\u00e4 ajoin ennen sopimuksen alkamista.<\/p>\n<p>&nbsp;<\/p>\n<p>Ajankohtaiseen asuntotarjontaan voit tutustua <a href=\"https:\/\/wartalokodit-markkinointihaku.etampuuri.fi\/\">nettisivuillamme<\/a>.<\/p>\n<p>Huomioithan, ett\u00e4 kaikki asunnot eiv\u00e4t v\u00e4ltt\u00e4m\u00e4tt\u00e4 ehdi nettisivuillemme asti, joten asunnon tarpeen tullen ole yhteydess\u00e4 asiakaspalveluumme s\u00e4hk\u00f6postitse asiakaspalvelu@wartalo.fi tai puhelimitse 010 421 5712.<\/p>\n<p>Voit my\u00f6s t\u00e4ytt\u00e4\u00e4 asuntohakemuksen nettisivuillamme <a href=\"https:\/\/hakemus.tampuuri.fi\/wartalokodit\/\">t\u00e4st\u00e4<\/a>.<\/p>\n<p>[\/et_pb_text][\/et_pb_column][et_pb_column type=&#8221;2_5&#8243; _builder_version=&#8221;4.16&#8243; custom_padding=&#8221;|||&#8221; global_colors_info=&#8221;{}&#8221; custom_padding__hover=&#8221;|||&#8221;][et_pb_image src=&#8221;https:\/\/wartalo.fi\/wp-content\/uploads\/2023\/05\/306272281_522666513195737_3643821805465278988_n-1-188664_1080x625-e1683805413924.jpg&#8221; title_text=&#8221;306272281_522666513195737_3643821805465278988_n-1-188664_1080x625&#8243; _builder_version=&#8221;4.25.1&#8243; _module_preset=&#8221;default&#8221; global_colors_info=&#8221;{}&#8221;][\/et_pb_image][et_pb_button button_url=&#8221;https:\/\/wartalo.fi\/wp-content\/uploads\/2024\/11\/Varkaus-brochure-ENG.pdf&#8221; url_new_window=&#8221;on&#8221; button_text=&#8221;Varkaus esite ENG&#8221; _builder_version=&#8221;4.27.3&#8243; _module_preset=&#8221;default&#8221; global_colors_info=&#8221;{}&#8221;][\/et_pb_button][\/et_pb_column][\/et_pb_row][\/et_pb_section]<\/p>\n","protected":false},"excerpt":{"rendered":"<p>Asunnot opiskelijoille &nbsp; Wartalo Kodit tarjoaa pieni\u00e4 yksi\u00f6it\u00e4 ja kaksioita opiskelijoiden tarpeisiin. Tilanteen mukaan Wartalo Kodeilla on tarjota muutamia soluasuntoja osoitteessa Lemmikinkatu 1. Yksi\u00f6t ja kaksiotVuokrasopimukseen kuuluu vesimaksu, l\u00e4mmitys sek\u00e4 internet-yhteys. Asukkaan tulee tehd\u00e4 oma s\u00e4hk\u00f6sopimus valitsemansa s\u00e4hk\u00f6yhti\u00f6n kanssa. SoluasuntoVuokrasopimukseen kuuluu vesimaksu, l\u00e4mmitys sek\u00e4 internet-yhteys. Lis\u00e4ksi vuokrasopimukseen kuuluu s\u00e4hk\u00f6, joka maksaa 15 \u20ac\/kk. Soluasunnossa asukkaalla [&hellip;]<\/p>\n","protected":false},"author":2,"featured_media":0,"parent":0,"menu_order":0,"comment_status":"closed","ping_status":"closed","template":"","meta":{"_et_pb_use_builder":"on","_et_pb_old_content":"<h3>Asunnot opiskelijoille<\/h3>\r\nWartalo Kodit tarjoaa pieni\u00e4 yksi\u00f6it\u00e4 ja kaksioita opiskelijoiden tarpeisiin. Tilanteen mukaan Wartalo Kodeilla on tarjota muutamia soluasuntoja osoitteessa Lemmikinkatu 1.\r\n\r\n<strong>Yksi\u00f6iden ja kaksioiden<\/strong> vuokrasopimukseen kuuluu vesimaksu, l\u00e4mmitys sek\u00e4 internet-yhteys. Asukkaan tulee tehd\u00e4 oma s\u00e4hk\u00f6sopimus valitsemansa s\u00e4hk\u00f6yhti\u00f6n kanssa.\r\n\r\n<strong>Soluasunnon<\/strong> vuokrasopimukseen kuuluu vesimaksu, l\u00e4mmitys sek\u00e4 internet-yhteys. Lis\u00e4ksi vuokrasopimukseen kuuluu s\u00e4hk\u00f6, joka maksaa 15 \u20ac\/kk. Soluasunnossa asukkaalla on k\u00e4yt\u00f6ss\u00e4\u00e4n oma huone. Keitti\u00f6 ja wc\/suihkutilat ovat yhteisk\u00e4ytt\u00f6isi\u00e4.\r\n\r\n<strong>Kalustus<\/strong>\r\nKansainv\u00e4lisille opiskelijoille voidaan sen hetkisen tarjonnan mukaan tarjota asunto kalustettuna, jolloin opiskelija saa kalusteet k\u00e4ytt\u00f6\u00f6ns\u00e4 asumisen ajaksi. Kalustetussa asunnossa on p\u00f6yt\u00e4, tuoli, kaappi, yhden hengen s\u00e4nky patjalla (80 x 200 cm) sek\u00e4 peitto ja tyyny. Mik\u00e4li tarvitset asunnon kalustettuna, mainitse asiasta hakuprosessin aikana, hyviss\u00e4 ajoin ennen sopimuksen alkamista.\r\n\r\nAjankohtaiseen asuntotarjontaan voit tutustua <a href=\"https:\/\/wartalokodit-markkinointihaku.etampuuri.fi\/\">nettisivuillamme<\/a>.\r\n\r\nHuomioithan, ett\u00e4 kaikki asunnot eiv\u00e4t v\u00e4ltt\u00e4m\u00e4tt\u00e4 ehdi nettisivuillemme asti, joten asunnon tarpeen tullen ole yhteydess\u00e4 asiakaspalveluumme s\u00e4hk\u00f6postitse vuokraus@wartalo.fi tai puhelimitse 010\u00a0421 5711.\r\n\r\nVoit my\u00f6s t\u00e4ytt\u00e4\u00e4 asuntohakemuksen nettisivuillamme <a href=\"https:\/\/hakemus.tampuuri.fi\/wartalokodit\/\">t\u00e4st\u00e4<\/a>.","_et_gb_content_width":"","footnotes":""},"class_list":["post-742","page","type-page","status-publish","hentry"],"_links":{"self":[{"href":"https:\/\/wartalo.fi\/en\/wp-json\/wp\/v2\/pages\/742","targetHints":{"allow":["GET"]}}],"collection":[{"href":"https:\/\/wartalo.fi\/en\/wp-json\/wp\/v2\/pages"}],"about":[{"href":"https:\/\/wartalo.fi\/en\/wp-json\/wp\/v2\/types\/page"}],"author":[{"embeddable":true,"href":"https:\/\/wartalo.fi\/en\/wp-json\/wp\/v2\/users\/2"}],"replies":[{"embeddable":true,"href":"https:\/\/wartalo.fi\/en\/wp-json\/wp\/v2\/comments?post=742"}],"version-history":[{"count":12,"href":"https:\/\/wartalo.fi\/en\/wp-json\/wp\/v2\/pages\/742\/revisions"}],"predecessor-version":[{"id":908,"href":"https:\/\/wartalo.fi\/en\/wp-json\/wp\/v2\/pages\/742\/revisions\/908"}],"wp:attachment":[{"href":"https:\/\/wartalo.fi\/en\/wp-json\/wp\/v2\/media?parent=742"}],"curies":[{"name":"wp","href":"https:\/\/api.w.org\/{rel}","templated":true}]}}