{"id":87,"date":"2023-03-02T19:42:04","date_gmt":"2023-03-02T17:42:04","guid":{"rendered":"http:\/\/proxima.nordname.net\/~wartalo\/?page_id=87"},"modified":"2025-01-09T14:30:41","modified_gmt":"2025-01-09T12:30:41","slug":"asukastoiminta","status":"publish","type":"page","link":"https:\/\/wartalo.fi\/en\/asukastoiminta\/","title":{"rendered":"Resident Functions"},"content":{"rendered":"<p>[et_pb_section fb_built=&#8221;1&#8243; _builder_version=&#8221;4.21.0&#8243; _module_preset=&#8221;default&#8221; background_image=&#8221;https:\/\/wartalo.fi\/wp-content\/uploads\/2023\/03\/lukkobg_1.jpg&#8221; background_size=&#8221;custom&#8221; background_image_width=&#8221;17%&#8221; background_position=&#8221;bottom_left&#8221; global_colors_info=&#8221;{}&#8221;][et_pb_row column_structure=&#8221;1_2,1_2&#8243; _builder_version=&#8221;4.21.0&#8243; _module_preset=&#8221;default&#8221; global_colors_info=&#8221;{}&#8221;][et_pb_column type=&#8221;1_2&#8243; _builder_version=&#8221;4.18.0&#8243; _module_preset=&#8221;default&#8221; global_colors_info=&#8221;{}&#8221;][et_pb_text _builder_version=&#8221;4.18.0&#8243; _module_preset=&#8221;default&#8221; global_colors_info=&#8221;{}&#8221;]<\/p>\n<h1 style=\"text-align: center;\">Asukastoiminta<\/h1>\n<p>[\/et_pb_text][et_pb_text _builder_version=&#8221;4.21.0&#8243; _module_preset=&#8221;default&#8221; text_font_size=&#8221;20px&#8221; header_5_font_size=&#8221;20px&#8221; global_colors_info=&#8221;{}&#8221;]<\/p>\n<h5><strong>Asukkaiden mahdollisuus vaikuttaa<\/strong><\/h5>\n<p>Asukasdemokratian kautta asukkailla on mahdollisuus saada tietoa talonsa taloudesta, kunnosta ja hoidosta. Asukkaat voivat olla my\u00f6s mukana asumiseen liittyv\u00e4ss\u00e4 p\u00e4\u00e4t\u00f6ksenteossa. Asukasdemokratiasta on s\u00e4\u00e4detty yhteishallintolaissa.<\/p>\n<p>Asukastoiminta on vapaaehtoisuuteen ja aktiivisuuteen perustuvaa. Toiminnan tavoitteena on vaikuttaa asumisviihtyvyyteen, kustannusten kohtuullisuuteen, suunnitelmallisuuteen sek\u00e4 asuinrakennusten arvon s\u00e4ilymiseen.<\/p>\n<p>&nbsp;<\/p>\n<h5><strong>Yhteishallinto Wartalo Kodit Oy:ssa<\/strong><\/h5>\n<p><strong><br \/>Yhteisty\u00f6toimikunta<br \/><\/strong>Yhteisty\u00f6toimikunnan kokous j\u00e4rjestet\u00e4\u00e4n kerran vuodessa. Kokouksessa k\u00e4yd\u00e4\u00e4n l\u00e4pi yhti\u00f6n talouskatsaus, talousarvion perusteet ja niiden vaikutus vuokriin sek\u00e4 muita ajankohtaisia asioita.<\/p>\n<p><strong>Hallituksen asukasedustajat<\/strong><br \/>Asukastoimikunnat voivat esitt\u00e4\u00e4 keskuudestaan asukasedustajia Wartalo Kodit Oy:n hallitukseen. Hallituksessa on kaksi asukasedustajaa, jotka osallistuvat tasavertaisina j\u00e4senin\u00e4 yhti\u00f6n asioiden hoitamiseen hallituksen virallisissa kokouksissa.<\/p>\n<p><strong>Asukaskokoukset<\/strong><br \/>Wartalo Kodit Oy:n kiinteist\u00f6iss\u00e4 j\u00e4rjestet\u00e4\u00e4n m\u00e4\u00e4r\u00e4v\u00e4lein asukaskokoukset, joissa p\u00e4\u00e4tet\u00e4\u00e4n asukkaiden ja Wartalo Kodit Oy:n yhteishallinnon muodosta.<\/p>\n<p><strong>Asukastoimikunnat<\/strong><br \/>Asukaskokous voi p\u00e4\u00e4tt\u00e4\u00e4 asukastoimikunnan perustamisesta tai yhdyshenkil\u00f6n nime\u00e4misest\u00e4. Asukastoimikunta tekee suunnitelman toimintakaudelleen, joka on joko vuoden tai kahden vuoden mittainen.<\/p>\n<p>[\/et_pb_text][\/et_pb_column][et_pb_column type=&#8221;1_2&#8243; _builder_version=&#8221;4.21.0&#8243; _module_preset=&#8221;default&#8221; background_color=&#8221;#FFFFFF&#8221; global_colors_info=&#8221;{}&#8221;][et_pb_text content_tablet=&#8221;<\/p>\n<p><strong>Tule mukaan toimintaan<\/strong><\/p>\n<p>Yhteistoiminta lis\u00e4\u00e4 luottamusta, asumisen viihtyisyytt\u00e4, turvallisuutta sek\u00e4 vuokra-asumisen arvostusta!<\/p>\n<\/p>\n<p>Kysy oman alueesi asukastoiminnasta Wartalo Kodit Oy:n asukasyhdyshenkil\u00f6lt\u00e4<\/p>\n<p>p. 010 421 5716<br \/>asukastoiminta@wartalo.fi<\/p>\n<p>&#8221; content_phone=&#8221;<\/p>\n<p><strong>Tule mukaan toimintaan<\/strong><\/p>\n<p>Yhteistoiminta lis\u00e4\u00e4 luottamusta, asumisen viihtyisyytt\u00e4, turvallisuutta sek\u00e4 vuokra-asumisen arvostusta!<\/p>\n<\/p>\n<p>Kysy oman alueesi asukastoiminnasta Wartalo Kodit Oy:n asukasyhdyshenkil\u00f6lt\u00e4<\/p>\n<p>p. 010 421 5716<br \/>asukastoiminta@wartalo.fi<\/p>\n<p>&#8221; content_last_edited=&#8221;on|phone&#8221; _builder_version=&#8221;4.27.4&#8243; _module_preset=&#8221;default&#8221; text_font_size=&#8221;20px&#8221; background_enable_color=&#8221;off&#8221; transform_scale=&#8221;98%|98%&#8221; width=&#8221;105.2%&#8221; custom_margin=&#8221;|-13px||||&#8221; custom_padding=&#8221;37px|40px|41px|40px||&#8221; hover_enabled=&#8221;0&#8243; global_colors_info=&#8221;{}&#8221; sticky_enabled=&#8221;0&#8243;]<\/p>\n<p><strong>Tule mukaan toimintaan<\/strong><\/p>\n<p>Yhteistoiminta lis\u00e4\u00e4 luottamusta, asumisen viihtyisyytt\u00e4, turvallisuutta sek\u00e4 vuokra-asumisen arvostusta!<\/p>\n<p>&nbsp;<\/p>\n<p>Kysy oman alueesi asukastoiminnasta Wartalo Kodit Oy:n asiakaspalvelusta<\/p>\n<p>p. 010 421 5712<br \/>asiakaspalvelu@wartalo.fi<\/p>\n<p>[\/et_pb_text][et_pb_image src=&#8221;https:\/\/wartalo.fi\/wp-content\/uploads\/2023\/09\/MicrosoftTeams-image-4-scaled.jpg&#8221; alt=&#8221;perhe istuttaa puuta&#8221; title_text=&#8221;Family planting tree on Arbor day in spring&#8221; _builder_version=&#8221;4.22.1&#8243; _module_preset=&#8221;default&#8221; border_width_all=&#8221;2px&#8221; global_colors_info=&#8221;{}&#8221;][\/et_pb_image][\/et_pb_column][\/et_pb_row][\/et_pb_section]<\/p>\n","protected":false},"excerpt":{"rendered":"<p>AsukastoimintaAsukkaiden mahdollisuus vaikuttaa Asukasdemokratian kautta asukkailla on mahdollisuus saada tietoa talonsa taloudesta, kunnosta ja hoidosta. Asukkaat voivat olla my\u00f6s mukana asumiseen liittyv\u00e4ss\u00e4 p\u00e4\u00e4t\u00f6ksenteossa. Asukasdemokratiasta on s\u00e4\u00e4detty yhteishallintolaissa. Asukastoiminta on vapaaehtoisuuteen ja aktiivisuuteen perustuvaa. Toiminnan tavoitteena on vaikuttaa asumisviihtyvyyteen, kustannusten kohtuullisuuteen, suunnitelmallisuuteen sek\u00e4 asuinrakennusten arvon s\u00e4ilymiseen. &nbsp; Yhteishallinto Wartalo Kodit Oy:ssa Yhteisty\u00f6toimikuntaYhteisty\u00f6toimikunnan kokous j\u00e4rjestet\u00e4\u00e4n kerran vuodessa. [&hellip;]<\/p>\n","protected":false},"author":1,"featured_media":0,"parent":0,"menu_order":0,"comment_status":"closed","ping_status":"closed","template":"","meta":{"_et_pb_use_builder":"on","_et_pb_old_content":"","_et_gb_content_width":"","footnotes":""},"class_list":["post-87","page","type-page","status-publish","hentry"],"_links":{"self":[{"href":"https:\/\/wartalo.fi\/en\/wp-json\/wp\/v2\/pages\/87","targetHints":{"allow":["GET"]}}],"collection":[{"href":"https:\/\/wartalo.fi\/en\/wp-json\/wp\/v2\/pages"}],"about":[{"href":"https:\/\/wartalo.fi\/en\/wp-json\/wp\/v2\/types\/page"}],"author":[{"embeddable":true,"href":"https:\/\/wartalo.fi\/en\/wp-json\/wp\/v2\/users\/1"}],"replies":[{"embeddable":true,"href":"https:\/\/wartalo.fi\/en\/wp-json\/wp\/v2\/comments?post=87"}],"version-history":[{"count":15,"href":"https:\/\/wartalo.fi\/en\/wp-json\/wp\/v2\/pages\/87\/revisions"}],"predecessor-version":[{"id":910,"href":"https:\/\/wartalo.fi\/en\/wp-json\/wp\/v2\/pages\/87\/revisions\/910"}],"wp:attachment":[{"href":"https:\/\/wartalo.fi\/en\/wp-json\/wp\/v2\/media?parent=87"}],"curies":[{"name":"wp","href":"https:\/\/api.w.org\/{rel}","templated":true}]}}