{"id":90,"date":"2023-03-02T19:42:04","date_gmt":"2023-03-02T17:42:04","guid":{"rendered":"http:\/\/proxima.nordname.net\/~wartalo\/?page_id=90"},"modified":"2023-04-28T12:25:24","modified_gmt":"2023-04-28T09:25:24","slug":"asunnon-vaihto","status":"publish","type":"page","link":"https:\/\/wartalo.fi\/en\/asunnon-vaihto\/","title":{"rendered":"Apartment changes"},"content":{"rendered":"<p>[et_pb_section fb_built=&#8221;1&#8243; _builder_version=&#8221;4.20.4&#8243; _module_preset=&#8221;default&#8221; global_colors_info=&#8221;{}&#8221;][et_pb_row _builder_version=&#8221;4.20.4&#8243; _module_preset=&#8221;default&#8221; global_colors_info=&#8221;{}&#8221;][et_pb_column type=&#8221;4_4&#8243; _builder_version=&#8221;4.20.4&#8243; _module_preset=&#8221;default&#8221; global_colors_info=&#8221;{}&#8221;][et_pb_text _builder_version=&#8221;4.21.0&#8243; _module_preset=&#8221;default&#8221; hover_enabled=&#8221;0&#8243; global_colors_info=&#8221;{}&#8221; text_font_size=&#8221;20px&#8221; sticky_enabled=&#8221;0&#8243;]<\/p>\n<p style=\"text-align: left;\"><strong>Asunnon vaihto<\/strong><\/p>\n<p>Asunnonvaihtohakemus on tarkoitettu Wartalo Kodit Oy:n asukkaille, jotka haluavat vaihtaa asuntoa perustellusta syyst\u00e4 ja lis\u00e4ksi seuraavin ehdoin:<\/p>\n<ul>\n<li>Nykyinen vuokrasopimus on ollut voimassa v\u00e4hint\u00e4\u00e4n vuoden tai edellisest\u00e4 asunnon vaihdosta on kulunut v\u00e4hint\u00e4\u00e4n vuosi.<\/li>\n<li>Asukkaalla ei ole velkaa Wartalo Kodit Oy:lle.<\/li>\n<li>Asukasta ei ole jouduttu huomauttamaan j\u00e4rjestyss\u00e4\u00e4nt\u00f6jen rikkomisista.<\/li>\n<li>Huoneistoa on hoidettu hyvin.<\/li>\n<li>Asukas maksaa vaihtoasuntoon vakuusmaksun.<\/li>\n<li>Entinen vakuusmaksu palautetaan asukkaalle asunnon tarkastuksen j\u00e4lkeen, mik\u00e4li peritt\u00e4v\u00e4\u00e4 ei ilmene.<\/li>\n<li>Vakuusmaksut ovat asuntokohtaisia, eik\u00e4 niit\u00e4 siirret\u00e4 vaihtoasuntoon.<\/li>\n<\/ul>\n<p style=\"text-align: left;\">[\/et_pb_text][et_pb_button button_url=&#8221;https:\/\/hakemus.tampuuri.fi\/wartalokodit\/&#8221; button_text=&#8221;Avaa asunnonvaihtohakemus&#8221; _builder_version=&#8221;4.20.4&#8243; _module_preset=&#8221;default&#8221; global_colors_info=&#8221;{}&#8221;][\/et_pb_button][\/et_pb_column][\/et_pb_row][\/et_pb_section]<\/p>\n","protected":false},"excerpt":{"rendered":"<p>Asunnon vaihto Asunnonvaihtohakemus on tarkoitettu Wartalo Kodit Oy:n asukkaille, jotka haluavat vaihtaa asuntoa perustellusta syyst\u00e4 ja lis\u00e4ksi seuraavin ehdoin: Nykyinen vuokrasopimus on ollut voimassa v\u00e4hint\u00e4\u00e4n vuoden tai edellisest\u00e4 asunnon vaihdosta on kulunut v\u00e4hint\u00e4\u00e4n vuosi. Asukkaalla ei ole velkaa Wartalo Kodit Oy:lle. Asukasta ei ole jouduttu huomauttamaan j\u00e4rjestyss\u00e4\u00e4nt\u00f6jen rikkomisista. Huoneistoa on hoidettu hyvin. Asukas maksaa vaihtoasuntoon [&hellip;]<\/p>\n","protected":false},"author":1,"featured_media":0,"parent":0,"menu_order":0,"comment_status":"closed","ping_status":"closed","template":"","meta":{"_et_pb_use_builder":"on","_et_pb_old_content":"","_et_gb_content_width":"","footnotes":""},"class_list":["post-90","page","type-page","status-publish","hentry"],"_links":{"self":[{"href":"https:\/\/wartalo.fi\/en\/wp-json\/wp\/v2\/pages\/90","targetHints":{"allow":["GET"]}}],"collection":[{"href":"https:\/\/wartalo.fi\/en\/wp-json\/wp\/v2\/pages"}],"about":[{"href":"https:\/\/wartalo.fi\/en\/wp-json\/wp\/v2\/types\/page"}],"author":[{"embeddable":true,"href":"https:\/\/wartalo.fi\/en\/wp-json\/wp\/v2\/users\/1"}],"replies":[{"embeddable":true,"href":"https:\/\/wartalo.fi\/en\/wp-json\/wp\/v2\/comments?post=90"}],"version-history":[{"count":5,"href":"https:\/\/wartalo.fi\/en\/wp-json\/wp\/v2\/pages\/90\/revisions"}],"predecessor-version":[{"id":446,"href":"https:\/\/wartalo.fi\/en\/wp-json\/wp\/v2\/pages\/90\/revisions\/446"}],"wp:attachment":[{"href":"https:\/\/wartalo.fi\/en\/wp-json\/wp\/v2\/media?parent=90"}],"curies":[{"name":"wp","href":"https:\/\/api.w.org\/{rel}","templated":true}]}}