{"id":92,"date":"2023-03-02T19:42:04","date_gmt":"2023-03-02T17:42:04","guid":{"rendered":"http:\/\/proxima.nordname.net\/~wartalo\/?page_id=92"},"modified":"2024-02-28T10:23:28","modified_gmt":"2024-02-28T08:23:28","slug":"vuokravalvonta","status":"publish","type":"page","link":"https:\/\/wartalo.fi\/en\/vuokravalvonta\/","title":{"rendered":"Rent Payment Monitoring"},"content":{"rendered":"<p>[et_pb_section fb_built=&#8221;1&#8243; _builder_version=&#8221;4.18.0&#8243; _module_preset=&#8221;default&#8221; global_colors_info=&#8221;{}&#8221;][et_pb_row _builder_version=&#8221;4.18.0&#8243; _module_preset=&#8221;default&#8221; global_colors_info=&#8221;{}&#8221;][et_pb_column type=&#8221;4_4&#8243; _builder_version=&#8221;4.18.0&#8243; _module_preset=&#8221;default&#8221; global_colors_info=&#8221;{}&#8221;][et_pb_text _builder_version=&#8221;4.18.0&#8243; _module_preset=&#8221;default&#8221; global_colors_info=&#8221;{}&#8221;]<\/p>\n<h1 style=\"text-align: center;\">Vuokravalvonta<\/h1>\n<p>[\/et_pb_text][et_pb_text _builder_version=&#8221;4.24.2&#8243; _module_preset=&#8221;default&#8221; text_font_size=&#8221;20px&#8221; header_5_font_size=&#8221;20px&#8221; hover_enabled=&#8221;0&#8243; global_colors_info=&#8221;{}&#8221; content_last_edited=&#8221;on|phone&#8221; sticky_enabled=&#8221;0&#8243; content_tablet=&#8221;<\/p>\n<h5><strong>Vuokranmaksu<\/strong><\/h5>\n<p>Vuokranmaksun er\u00e4p\u00e4iv\u00e4 on joka kuukauden 5. p\u00e4iv\u00e4. Vuokranmaksussa tulee aina k\u00e4ytt\u00e4\u00e4 viitenumeroa.<\/p>\n<p>Vuokranmaksu kannattaa hoitaa ajallaan ja mahdollisissa maksuvaikeuksissa ottaa hyviss\u00e4 ajoin yhteytt\u00e4 Wartalo Kodit Oy:n vuokravalvontaan.<\/p>\n<h5><strong>Asumistuki<\/strong><\/h5>\n<p>Asumistukea voi hakea Kansanel\u00e4kelaitokselta. Kelan verkkosivuilta l\u00f6ytyy laskuri, jolla voi arvioida onko oikeutettu asumistukeen. Samalla voi t\u00e4ytt\u00e4\u00e4 asumistukihakemuksen. Asumistuki maksetaan Wartalo Kodit Oy:n tilille ja asukas maksaa vain vuokran ja asumistuen erotuksen.<\/p>\n<h5><strong><\/strong><\/h5>\n<h5><strong>Vuokrien perint\u00e4<\/strong><\/h5>\n<p>Tehokas perint\u00e4 on kaikkien asukkaiden etu, sill\u00e4 hoitamattomat vuokrat ja muut maksut j\u00e4\u00e4v\u00e4t v\u00e4lillisesti toisten asukkaiden maksettaviksi.<\/p>\n<p>Wartalo Kodit Oy noudattaa vuokrien perinn\u00e4ss\u00e4 hyv\u00e4\u00e4 perint\u00e4tapaa. Perint\u00e4toimet aloitetaan, mik\u00e4li vuokra tai muut laskut ovat er\u00e4p\u00e4iv\u00e4n j\u00e4lkeen maksamatta. Er\u00e4p\u00e4iv\u00e4n j\u00e4lkeen maksamattomat vuokrat ja muut maksut siirret\u00e4\u00e4n peritt\u00e4v\u00e4ksi <strong>Visma Amili Oy. <\/strong>Mik\u00e4li velka on siirtynyt Visman peritt\u00e4v\u00e4ksi, olethan yhteydess\u00e4 velkaan liittyv\u00e4ss\u00e4 yhteydenpidossa asiaa hoitavaan tahoon.<\/p>\n<p>Mik\u00e4li perint\u00e4toimenpiteiss\u00e4 joudutaan hakemaan k\u00e4r\u00e4j\u00e4oikeudelta h\u00e4\u00e4t\u00f6tuomio, tulee asukkaalle maksettavaksi my\u00f6s oikeudenk\u00e4yntikulut, viiv\u00e4styskorot sek\u00e4 muut h\u00e4\u00e4d\u00f6st\u00e4 aiheutuneet kulut. Lis\u00e4ksi luottotietoihin tulee maksuh\u00e4iri\u00f6merkint\u00e4.<\/p>\n<h5><strong><\/strong><\/h5>\n<h5><strong>Maksamattomat vuokrat ja laskut poismuuton yhteydess\u00e4<br \/><\/strong><\/h5>\n<p>Mik\u00e4li asukkaalla j\u00e4\u00e4 r\u00e4stej\u00e4, k\u00e4ytet\u00e4\u00e4n mahdollinen vuokravakuus maksamattomiin laskuihin. Mik\u00e4li vuokravakuus ei kata kaikkia maksamattomia vuokria ja laskuja, ylimenev\u00e4 osuus perit\u00e4\u00e4n asukkaalta.<\/p>\n<p><strong>\u00a0<\/strong><\/p>\n<p>&#8221; content_phone=&#8221;<\/p>\n<h5><strong>Vuokranmaksu<\/strong><\/h5>\n<p>Vuokranmaksun er\u00e4p\u00e4iv\u00e4 on joka kuukauden 5. p\u00e4iv\u00e4. Vuokranmaksussa tulee aina k\u00e4ytt\u00e4\u00e4 viitenumeroa.<\/p>\n<p>Vuokranmaksu kannattaa hoitaa ajallaan ja mahdollisissa maksuvaikeuksissa ottaa hyviss\u00e4 ajoin yhteytt\u00e4 Wartalo Kodit Oy:n vuokravalvontaan.<\/p>\n<h5><strong>Asumistuki<\/strong><\/h5>\n<p>Asumistukea voi hakea Kansanel\u00e4kelaitokselta. Kelan verkkosivuilta l\u00f6ytyy laskuri, jolla voi arvioida onko oikeutettu asumistukeen. Samalla voi t\u00e4ytt\u00e4\u00e4 asumistukihakemuksen. Asumistuki maksetaan Wartalo Kodit Oy:n tilille ja asukas maksaa vain vuokran ja asumistuen erotuksen.<\/p>\n<h5><strong><\/strong><\/h5>\n<h5><strong>Vuokrien perint\u00e4<\/strong><\/h5>\n<p>Tehokas perint\u00e4 on kaikkien asukkaiden etu, sill\u00e4 hoitamattomat vuokrat ja muut maksut j\u00e4\u00e4v\u00e4t v\u00e4lillisesti toisten asukkaiden maksettaviksi.<\/p>\n<p>Wartalo Kodit Oy noudattaa vuokrien perinn\u00e4ss\u00e4 hyv\u00e4\u00e4 perint\u00e4tapaa. Perint\u00e4toimet aloitetaan, mik\u00e4li vuokra tai muut laskut ovat er\u00e4p\u00e4iv\u00e4n j\u00e4lkeen maksamatta. Er\u00e4p\u00e4iv\u00e4n j\u00e4lkeen maksamattomat vuokrat ja muut maksut siirret\u00e4\u00e4n peritt\u00e4v\u00e4ksi <strong>Visma Amili Oy. <\/strong>Mik\u00e4li velka on siirtynyt Visman peritt\u00e4v\u00e4ksi, olethan yhteydess\u00e4 velkaan liittyv\u00e4ss\u00e4 yhteydenpidossa asiaa hoitavaan tahoon.<\/p>\n<p>Mik\u00e4li perint\u00e4toimenpiteiss\u00e4 joudutaan hakemaan k\u00e4r\u00e4j\u00e4oikeudelta h\u00e4\u00e4t\u00f6tuomio, tulee asukkaalle maksettavaksi my\u00f6s oikeudenk\u00e4yntikulut, viiv\u00e4styskorot sek\u00e4 muut h\u00e4\u00e4d\u00f6st\u00e4 aiheutuneet kulut. Lis\u00e4ksi luottotietoihin tulee maksuh\u00e4iri\u00f6merkint\u00e4.<\/p>\n<h5><strong><\/strong><\/h5>\n<h5><strong>Maksamattomat vuokrat ja laskut poismuuton yhteydess\u00e4<br \/><\/strong><\/h5>\n<p>Mik\u00e4li asukkaalla j\u00e4\u00e4 r\u00e4stej\u00e4, k\u00e4ytet\u00e4\u00e4n mahdollinen vuokravakuus maksamattomiin laskuihin. Mik\u00e4li vuokravakuus ei kata kaikkia maksamattomia vuokria ja laskuja, ylimenev\u00e4 osuus perit\u00e4\u00e4n asukkaalta.<\/p>\n<p><strong>\u00a0<\/strong><\/p>\n<p>&#8221;]<\/p>\n<h5><strong>Vuokranmaksu<\/strong><\/h5>\n<p>Vuokranmaksun er\u00e4p\u00e4iv\u00e4 on joka kuukauden 5. p\u00e4iv\u00e4. Vuokranmaksussa tulee aina k\u00e4ytt\u00e4\u00e4 viitenumeroa.<\/p>\n<p>Vuokranmaksu kannattaa hoitaa ajallaan ja mahdollisissa maksuvaikeuksissa ottaa hyviss\u00e4 ajoin yhteytt\u00e4 Wartalo Kodit Oy:n vuokravalvontaan.<\/p>\n<h5><strong>Asumistuki<\/strong><\/h5>\n<p>Asumistukea voi hakea Kansanel\u00e4kelaitokselta. Kelan verkkosivuilta l\u00f6ytyy laskuri, jolla voi arvioida onko oikeutettu asumistukeen. Samalla voi t\u00e4ytt\u00e4\u00e4 asumistukihakemuksen. Asumistuki maksetaan Wartalo Kodit Oy:n tilille ja asukas maksaa vain vuokran ja asumistuen erotuksen.<\/p>\n<h5><strong><\/strong><\/h5>\n<h5><strong>Vuokrien perint\u00e4<\/strong><\/h5>\n<p>Tehokas perint\u00e4 on kaikkien asukkaiden etu, sill\u00e4 hoitamattomat vuokrat ja muut maksut j\u00e4\u00e4v\u00e4t v\u00e4lillisesti toisten asukkaiden maksettaviksi.<\/p>\n<p>Wartalo Kodit Oy noudattaa vuokrien perinn\u00e4ss\u00e4 hyv\u00e4\u00e4 perint\u00e4tapaa. Perint\u00e4toimet aloitetaan, mik\u00e4li vuokra tai muut laskut ovat er\u00e4p\u00e4iv\u00e4n j\u00e4lkeen maksamatta. Er\u00e4p\u00e4iv\u00e4n j\u00e4lkeen maksamattomat vuokrat ja muut maksut siirret\u00e4\u00e4n peritt\u00e4v\u00e4ksi <strong>Visma Amili Oy. <\/strong>Mik\u00e4li velka on siirtynyt Visman peritt\u00e4v\u00e4ksi, olethan yhteydess\u00e4 velkaan liittyv\u00e4ss\u00e4 yhteydenpidossa asiaa hoitavaan tahoon.<\/p>\n<p>Mik\u00e4li perint\u00e4toimenpiteiss\u00e4 joudutaan hakemaan k\u00e4r\u00e4j\u00e4oikeudelta h\u00e4\u00e4t\u00f6tuomio, tulee asukkaalle maksettavaksi my\u00f6s oikeudenk\u00e4yntikulut, viiv\u00e4styskorot sek\u00e4 muut h\u00e4\u00e4d\u00f6st\u00e4 aiheutuneet kulut. Lis\u00e4ksi luottotietoihin tulee maksuh\u00e4iri\u00f6merkint\u00e4.<\/p>\n<h5><strong><\/strong><\/h5>\n<h5><strong>Maksamattomat vuokrat ja laskut poismuuton yhteydess\u00e4<br \/><\/strong><\/h5>\n<p>Mik\u00e4li asukkaalla j\u00e4\u00e4 r\u00e4stej\u00e4, k\u00e4ytet\u00e4\u00e4n mahdollinen vuokravakuus maksamattomiin laskuihin. Mik\u00e4li vuokravakuus ei kata kaikkia maksamattomia vuokria ja laskuja, ylimenev\u00e4 osuus perit\u00e4\u00e4n asukkaalta.<\/p>\n<p><strong>\u00a0<\/strong><\/p>\n<p>[\/et_pb_text][\/et_pb_column][\/et_pb_row][\/et_pb_section]<\/p>\n","protected":false},"excerpt":{"rendered":"<p>VuokravalvontaVuokranmaksu Vuokranmaksun er\u00e4p\u00e4iv\u00e4 on joka kuukauden 5. p\u00e4iv\u00e4. Vuokranmaksussa tulee aina k\u00e4ytt\u00e4\u00e4 viitenumeroa. Vuokranmaksu kannattaa hoitaa ajallaan ja mahdollisissa maksuvaikeuksissa ottaa hyviss\u00e4 ajoin yhteytt\u00e4 Wartalo Kodit Oy:n vuokravalvontaan. Asumistuki Asumistukea voi hakea Kansanel\u00e4kelaitokselta. Kelan verkkosivuilta l\u00f6ytyy laskuri, jolla voi arvioida onko oikeutettu asumistukeen. Samalla voi t\u00e4ytt\u00e4\u00e4 asumistukihakemuksen. Asumistuki maksetaan Wartalo Kodit Oy:n tilille ja asukas [&hellip;]<\/p>\n","protected":false},"author":1,"featured_media":0,"parent":0,"menu_order":0,"comment_status":"closed","ping_status":"closed","template":"","meta":{"_et_pb_use_builder":"on","_et_pb_old_content":"","_et_gb_content_width":"","footnotes":""},"class_list":["post-92","page","type-page","status-publish","hentry"],"_links":{"self":[{"href":"https:\/\/wartalo.fi\/en\/wp-json\/wp\/v2\/pages\/92","targetHints":{"allow":["GET"]}}],"collection":[{"href":"https:\/\/wartalo.fi\/en\/wp-json\/wp\/v2\/pages"}],"about":[{"href":"https:\/\/wartalo.fi\/en\/wp-json\/wp\/v2\/types\/page"}],"author":[{"embeddable":true,"href":"https:\/\/wartalo.fi\/en\/wp-json\/wp\/v2\/users\/1"}],"replies":[{"embeddable":true,"href":"https:\/\/wartalo.fi\/en\/wp-json\/wp\/v2\/comments?post=92"}],"version-history":[{"count":12,"href":"https:\/\/wartalo.fi\/en\/wp-json\/wp\/v2\/pages\/92\/revisions"}],"predecessor-version":[{"id":663,"href":"https:\/\/wartalo.fi\/en\/wp-json\/wp\/v2\/pages\/92\/revisions\/663"}],"wp:attachment":[{"href":"https:\/\/wartalo.fi\/en\/wp-json\/wp\/v2\/media?parent=92"}],"curies":[{"name":"wp","href":"https:\/\/api.w.org\/{rel}","templated":true}]}}