{"id":94,"date":"2023-03-02T19:42:04","date_gmt":"2023-03-02T17:42:04","guid":{"rendered":"http:\/\/proxima.nordname.net\/~wartalo\/?page_id=94"},"modified":"2025-06-27T09:33:12","modified_gmt":"2025-06-27T06:33:12","slug":"pelastussuunnitelmat","status":"publish","type":"page","link":"https:\/\/wartalo.fi\/en\/pelastussuunnitelmat\/","title":{"rendered":"Emergency plans"},"content":{"rendered":"<p>[et_pb_section fb_built=&#8221;1&#8243; _builder_version=&#8221;4.18.0&#8243; _module_preset=&#8221;default&#8221; global_colors_info=&#8221;{}&#8221;][et_pb_row _builder_version=&#8221;4.18.0&#8243; _module_preset=&#8221;default&#8221; global_colors_info=&#8221;{}&#8221;][et_pb_column type=&#8221;4_4&#8243; _builder_version=&#8221;4.18.0&#8243; _module_preset=&#8221;default&#8221; global_colors_info=&#8221;{}&#8221;][et_pb_text _builder_version=&#8221;4.18.0&#8243; _module_preset=&#8221;default&#8221; global_colors_info=&#8221;{}&#8221;]<\/p>\n<h1 style=\"text-align: center;\">Pelastussuunnitelmat<\/h1>\n<p>[\/et_pb_text][et_pb_text _builder_version=&#8221;4.27.4&#8243; _module_preset=&#8221;default&#8221; text_font_size=&#8221;20px&#8221; hover_enabled=&#8221;0&#8243; global_colors_info=&#8221;{}&#8221; sticky_enabled=&#8221;0&#8243;]<\/p>\n<p style=\"text-align: center;\">Alla linkit kiinteist\u00f6kohtaisiin pelastussuunnitelmiin.<\/p>\n<p style=\"text-align: center;\"><strong><a href=\"https:\/\/pelsu.fi\/122\/\" target=\"_blank\" rel=\"noreferrer noopener\">Ahjokatu 2 ja 4<\/a><\/strong><br \/><strong><a href=\"https:\/\/pelsu.fi\/151\/\" target=\"_blank\" rel=\"noreferrer noopener\">Antinpuisto 8<\/a><\/strong><br \/><strong><a href=\"https:\/\/pelsu.fi\/202\/\" target=\"_blank\" rel=\"noreferrer noopener\">H\u00e4yril\u00e4nkatu 8 ja 10<\/a><\/strong><br \/><strong><a href=\"https:\/\/pelsu.fi\/71\/\" target=\"_blank\" rel=\"noreferrer noopener\">K\u00e4\u00e4rmeniementie 32<\/a><\/strong><br \/><strong><a href=\"https:\/\/pelsu.fi\/195\/\" target=\"_blank\" rel=\"noreferrer noopener\">K\u00e4\u00e4rmeniementie 34<\/a><\/strong><br \/><strong><a href=\"https:\/\/pelsu.fi\/194\/\" target=\"_blank\" rel=\"noreferrer noopener\">Kalevankuja 2<\/a><\/strong><br \/><strong><a href=\"https:\/\/pelsu.fi\/83\/\" target=\"_blank\" rel=\"noreferrer noopener\">K\u00e4pykankaantie 17<\/a><\/strong><br \/><strong><a href=\"https:\/\/pelsu.fi\/84\/\" target=\"_blank\" rel=\"noreferrer noopener\">K\u00e4pykankaantie 21<\/a><\/strong><br \/><strong><a href=\"https:\/\/pelsu.fi\/113\/\" target=\"_blank\" rel=\"noreferrer noopener\">K\u00e4pykankaantie 7<\/a><\/strong><br \/><strong><a href=\"https:\/\/pelsu.fi\/125\/\" target=\"_blank\" rel=\"noreferrer noopener\">K\u00e4pykankaantie 9 ja 11<\/a><\/strong><br \/><strong><a href=\"https:\/\/pelsu.fi\/111\/\" target=\"_blank\" rel=\"noreferrer noopener\">Kuparisep\u00e4nkatu 5<\/a><\/strong><br \/><strong><a href=\"https:\/\/pelsu.fi\/123\/\" target=\"_blank\" rel=\"noreferrer noopener\">Kyllikinkatu 2 Ja 4<\/a><\/strong><br \/><strong><a href=\"https:\/\/pelsu.fi\/191\/\" target=\"_blank\" rel=\"noreferrer noopener\">Kylv\u00e4j\u00e4ntie 1<\/a><\/strong><br \/><strong><a href=\"https:\/\/pelsu.fi\/134\/\" target=\"_blank\" rel=\"noreferrer noopener\">Kylv\u00e4j\u00e4ntie 3<\/a><\/strong><br \/><strong><a href=\"https:\/\/pelsu.fi\/292\/\" target=\"_blank\" rel=\"noreferrer noopener\">Laivalinnankatu 9-11<\/a><\/strong><br \/><strong><a href=\"https:\/\/pelsu.fi\/51\/\" target=\"_blank\" rel=\"noreferrer noopener\">L\u00e4kkisep\u00e4nkatu 10<\/a><\/strong><br \/><strong><a href=\"https:\/\/pelsu.fi\/61\/\" target=\"_blank\" rel=\"noreferrer noopener\">L\u00e4kkisep\u00e4nkatu 2<\/a><\/strong><br \/><strong><a href=\"https:\/\/pelsu.fi\/91\/\" target=\"_blank\" rel=\"noreferrer noopener\">L\u00e4kkisep\u00e4nkatu 9<\/a><\/strong><br \/><strong><a href=\"https:\/\/pelsu.fi\/114\/\" target=\"_blank\" rel=\"noreferrer noopener\">Lehtoniementie 11<\/a><\/strong><br \/><strong><a href=\"https:\/\/pelsu.fi\/192\/\" target=\"_blank\" rel=\"noreferrer noopener\">Lehtoniementie 9<\/a><\/strong><br \/><strong><a href=\"https:\/\/pelsu.fi\/41\/\" target=\"_blank\" rel=\"noreferrer noopener\">Lemmensillantie 12<\/a><\/strong><br \/><strong><a href=\"https:\/\/pelsu.fi\/33\/\" target=\"_blank\" rel=\"noreferrer noopener\">Lemmensillantie 6<\/a><\/strong><br \/><strong><a href=\"https:\/\/pelsu.fi\/115\/\" target=\"_blank\" rel=\"noreferrer noopener\">Lemmikinkatu 1<\/a><br \/><a href=\"https:\/\/www.pelsu.fi\/294\/\">Linjurikatu 9<\/a><br \/><\/strong><strong><a href=\"https:\/\/pelsu.fi\/171\/\" target=\"_blank\" rel=\"noreferrer noopener\">Linjurikatu 11 ja 13<\/a><\/strong><br \/><strong><a href=\"https:\/\/pelsu.fi\/13\/\" target=\"_blank\" rel=\"noreferrer noopener\">Louhitie 3 D<\/a><\/strong><br \/><strong><a href=\"https:\/\/pelsu.fi\/135\/\" target=\"_blank\" rel=\"noreferrer noopener\">Louhitie 4 ja 6<\/a><\/strong><br \/><strong><a href=\"https:\/\/pelsu.fi\/203\/\" target=\"_blank\" rel=\"noreferrer noopener\">Lukkarinkatu 16<\/a><\/strong><br \/><strong><a href=\"https:\/\/pelsu.fi\/204\/\" target=\"_blank\" rel=\"noreferrer noopener\">Lukkarinkatu 21<\/a><\/strong><br \/><strong><a href=\"https:\/\/pelsu.fi\/193\/\" target=\"_blank\" rel=\"noreferrer noopener\">Myll\u00e4rinkatu 15<\/a><\/strong><br \/><strong><a href=\"https:\/\/pelsu.fi\/221\/\" target=\"_blank\" rel=\"noreferrer noopener\">Nakskovinkatu 8<\/a><\/strong><br \/><strong><a href=\"https:\/\/pelsu.fi\/212\/\" target=\"_blank\" rel=\"noreferrer noopener\">Niittyl\u00e4nkatu 3-5<\/a><\/strong><br \/><strong><a href=\"https:\/\/pelsu.fi\/141\/\" target=\"_blank\" rel=\"noreferrer noopener\">Noormarkunkuja 1 ja Tirmulankuja 2<\/a><\/strong><br \/><strong><a href=\"https:\/\/pelsu.fi\/198\/\" target=\"_blank\" rel=\"noreferrer noopener\">Ohrakuja 5 ja 7<\/a><\/strong><br \/><strong><a href=\"https:\/\/pelsu.fi\/182\/\" target=\"_blank\" rel=\"noreferrer noopener\">Ohrakuja 9, Lehtoniementie 15, Myll\u00e4rinraitti 10 ja 12<\/a><\/strong><br \/><strong><a href=\"https:\/\/pelsu.fi\/161\/\" target=\"_blank\" rel=\"noreferrer noopener\">Puistokatu 2 ja 4<\/a><\/strong><br \/><strong><a href=\"https:\/\/pelsu.fi\/293\/\" target=\"_blank\" rel=\"noreferrer noopener\">Savonkoti, Savontie 9<\/a><\/strong><br \/><strong><a href=\"https:\/\/pelsu.fi\/197\/\" target=\"_blank\" rel=\"noreferrer noopener\">Savontie 47-51<\/a><\/strong><br \/><strong><a href=\"https:\/\/pelsu.fi\/214\/\" target=\"_blank\" rel=\"noreferrer noopener\">Sopulantie 5<\/a><\/strong><br \/><strong><a href=\"https:\/\/pelsu.fi\/31\/\" target=\"_blank\" rel=\"noreferrer noopener\">Taaperokuja 5 ja Porukankuja 6<\/a><\/strong><br \/><strong><a href=\"https:\/\/pelsu.fi\/211\/\" target=\"_blank\" rel=\"noreferrer noopener\">Talvitaival 12<\/a><\/strong><br \/><strong><a href=\"https:\/\/pelsu.fi\/210\/\" target=\"_blank\" rel=\"noreferrer noopener\">Talvitaival 2 ja 6<\/a><\/strong><br \/><strong><a href=\"https:\/\/pelsu.fi\/82\/\" target=\"_blank\" rel=\"noreferrer noopener\">Tapionkatu 2<\/a><\/strong><br \/><strong><a href=\"https:\/\/pelsu.fi\/131\/\" target=\"_blank\" rel=\"noreferrer noopener\">Tilustie 2, 4 ja Kaura-Ahontie 12<\/a><\/strong><\/p>\n<p>[\/et_pb_text][\/et_pb_column][\/et_pb_row][\/et_pb_section]<\/p>\n","protected":false},"excerpt":{"rendered":"<p>PelastussuunnitelmatAlla linkit kiinteist\u00f6kohtaisiin pelastussuunnitelmiin. Ahjokatu 2 ja 4Antinpuisto 8H\u00e4yril\u00e4nkatu 8 ja 10K\u00e4\u00e4rmeniementie 32K\u00e4\u00e4rmeniementie 34Kalevankuja 2K\u00e4pykankaantie 17K\u00e4pykankaantie 21K\u00e4pykankaantie 7K\u00e4pykankaantie 9 ja 11Kuparisep\u00e4nkatu 5Kyllikinkatu 2 Ja 4Kylv\u00e4j\u00e4ntie 1Kylv\u00e4j\u00e4ntie 3Laivalinnankatu 9-11L\u00e4kkisep\u00e4nkatu 10L\u00e4kkisep\u00e4nkatu 2L\u00e4kkisep\u00e4nkatu 9Lehtoniementie 11Lehtoniementie 9Lemmensillantie 12Lemmensillantie 6Lemmikinkatu 1Linjurikatu 9Linjurikatu 11 ja 13Louhitie 3 DLouhitie 4 ja 6Lukkarinkatu 16Lukkarinkatu 21Myll\u00e4rinkatu 15Nakskovinkatu 8Niittyl\u00e4nkatu 3-5Noormarkunkuja 1 ja Tirmulankuja 2Ohrakuja 5 [&hellip;]<\/p>\n","protected":false},"author":1,"featured_media":0,"parent":0,"menu_order":0,"comment_status":"closed","ping_status":"closed","template":"","meta":{"_et_pb_use_builder":"on","_et_pb_old_content":"","_et_gb_content_width":"","footnotes":""},"class_list":["post-94","page","type-page","status-publish","hentry"],"_links":{"self":[{"href":"https:\/\/wartalo.fi\/en\/wp-json\/wp\/v2\/pages\/94","targetHints":{"allow":["GET"]}}],"collection":[{"href":"https:\/\/wartalo.fi\/en\/wp-json\/wp\/v2\/pages"}],"about":[{"href":"https:\/\/wartalo.fi\/en\/wp-json\/wp\/v2\/types\/page"}],"author":[{"embeddable":true,"href":"https:\/\/wartalo.fi\/en\/wp-json\/wp\/v2\/users\/1"}],"replies":[{"embeddable":true,"href":"https:\/\/wartalo.fi\/en\/wp-json\/wp\/v2\/comments?post=94"}],"version-history":[{"count":6,"href":"https:\/\/wartalo.fi\/en\/wp-json\/wp\/v2\/pages\/94\/revisions"}],"predecessor-version":[{"id":1020,"href":"https:\/\/wartalo.fi\/en\/wp-json\/wp\/v2\/pages\/94\/revisions\/1020"}],"wp:attachment":[{"href":"https:\/\/wartalo.fi\/en\/wp-json\/wp\/v2\/media?parent=94"}],"curies":[{"name":"wp","href":"https:\/\/api.w.org\/{rel}","templated":true}]}}